{"id":1124,"date":"2025-03-07T09:20:10","date_gmt":"2025-03-07T09:20:10","guid":{"rendered":"https:\/\/www.fruitloonbedrijf-rensen.nl\/lista-plac\/"},"modified":"2025-06-13T12:48:40","modified_gmt":"2025-06-13T12:48:40","slug":"uslugi-dla-rolnictwa","status":"publish","type":"page","link":"https:\/\/www.fruitloonbedrijf-rensen.nl\/pl\/uslugi-dla-rolnictwa\/","title":{"rendered":"Us\u0142ugi dla rolnictwa"},"content":{"rendered":"<div class=\"wpb-content-wrapper\"><p>[vc_row content_placement=&#8221;middle&#8221;][vc_column width=&#8221;1\/2&#8243;][vc_column_text css=&#8221;&#8221;]<\/p>\n<h2><strong>Us\u0142ugi Rolnicze<\/strong><\/h2>\n<p>Oferujemy specjalistyczne us\u0142ugi rolnicze dla sektora owocowego. Dzi\u0119ki nowoczesnym maszynom i do\u015bwiadczonemu personelowi wspieramy rolnik\u00f3w w r\u00f3\u017cnych pracach, od ochrony ro\u015blin po nawo\u017cenie.[\/vc_column_text]<div class='wpb_content_element' align=''><a class='button button--primary'  href='\/pl\/oferty-pracy'>Oferty pracy<\/a><\/div>[\/vc_column][vc_column width=&#8221;1\/2&#8243;][vc_single_image image=&#8221;746&#8243; img_size=&#8221;large&#8221; alignment=&#8221;center&#8221; style=&#8221;vc_box_rounded&#8221; css_animation=&#8221;zoomIn&#8221; css=&#8221;&#8221;][\/vc_column][\/vc_row][vc_row][vc_column][vc_empty_space][\/vc_column][\/vc_row][vc_row content_placement=&#8221;middle&#8221;][vc_column width=&#8221;1\/2&#8243;][vc_single_image image=&#8221;947&#8243; img_size=&#8221;large&#8221; alignment=&#8221;center&#8221; style=&#8221;vc_box_rounded&#8221; css_animation=&#8221;zoomIn&#8221; css=&#8221;&#8221;][\/vc_column][vc_column width=&#8221;1\/2&#8243;][vc_column_text css=&#8221;&#8221;]<\/p>\n<h3><strong>Ochrona ro\u015blin<\/strong><\/h3>\n<p>Zdrowa uprawa zaczyna si\u0119 od skutecznej ochrony ro\u015blin. Dysponujemy zaawansowanym sprz\u0119tem do precyzyjnego i efektywnego stosowania \u015brodk\u00f3w ochrony ro\u015blin. Nasi pracownicy posiadaj\u0105 aktualne licencje na stosowanie \u015brodk\u00f3w ochrony ro\u015blin i pracuj\u0105 zgodnie z obowi\u0105zuj\u0105cymi przepisami prawa.<\/p>\n<p>[\/vc_column_text][\/vc_column][\/vc_row][vc_row][vc_column][vc_empty_space][\/vc_column][\/vc_row][vc_row full_width=&#8221;stretch_row&#8221; css=&#8221;.vc_custom_1747729632113{background-color: #0E66340D !important;}&#8221;][vc_column][vc_column_text css=&#8221;&#8221;]<\/p>\n<h3 style=\"text-align: center;\"><strong>Nawo\u017cenie<\/strong><\/h3>\n<p style=\"text-align: center;\">Aby zapewni\u0107 optymalny wzrost drzew owocowych, niezb\u0119dne jest odpowiednie nawo\u017cenie. Wykonujemy r\u00f3\u017cne prace nawozowe, w tym rozrzut organicznych nawoz\u00f3w, cz\u0119sto w okresie zimowym. U\u017cywamy nowoczesnego sprz\u0119tu, takiego jak tr\u00f3jko\u0142owe iniektory nawozowe i rozsiewacze, kt\u00f3re zapewniaj\u0105 efektywne i przyjazne dla \u015brodowiska stosowanie nawoz\u00f3w.<\/p>\n<p>[\/vc_column_text][\/vc_column][\/vc_row][vc_row][vc_column][vc_empty_space][\/vc_column][\/vc_row][vc_row content_placement=&#8221;middle&#8221;][vc_column width=&#8221;1\/2&#8243;][vc_column_text css=&#8221;&#8221;]<\/p>\n<h3><strong>Elastyczne us\u0142ugi<\/strong><\/h3>\n<p>Nasze us\u0142ugi s\u0105 elastyczne i mog\u0105 by\u0107 \u015bwiadczone na godzin\u0119 lub na hektar. Daje to rolnikom mo\u017cliwo\u015b\u0107 oszcz\u0119dno\u015bci i dostosowania prac do swoich potrzeb. Niezale\u017cnie od tego, czy chodzi o jednorazowe zadania, czy sta\u0142e wsparcie, ch\u0119tnie pomo\u017cemy.[\/vc_column_text][\/vc_column][vc_column width=&#8221;1\/2&#8243;][vc_single_image image=&#8221;953&#8243; img_size=&#8221;large&#8221; alignment=&#8221;center&#8221; style=&#8221;vc_box_rounded&#8221; css_animation=&#8221;zoomIn&#8221; css=&#8221;&#8221;][\/vc_column][\/vc_row][vc_row][vc_column][vc_empty_space][\/vc_column][\/vc_row][vc_row content_placement=&#8221;middle&#8221;][vc_column width=&#8221;1\/2&#8243;][vc_single_image image=&#8221;962&#8243; img_size=&#8221;large&#8221; alignment=&#8221;center&#8221; style=&#8221;vc_box_rounded&#8221; css_animation=&#8221;zoomIn&#8221; css=&#8221;&#8221;][\/vc_column][vc_column width=&#8221;1\/2&#8243;][vc_column_text css=&#8221;&#8221;]<\/p>\n<h3><strong>Wiarygodny partner<\/strong><\/h3>\n<p>Dzi\u0119ki wieloletniemu do\u015bwiadczeniu w sektorze owocowym i rozbudowanemu parkowi maszynowemu jeste\u015bmy wiarygodnym partnerem w zakresie us\u0142ug rolniczych. Odci\u0105\u017camy rolnik\u00f3w, aby mogli skupi\u0107 si\u0119 na swojej podstawowej dzia\u0142alno\u015bci.[\/vc_column_text]<div class='wpb_content_element' align=''><a class='button button--primary'  href='\/pl\/kontakt'>Kontakt<\/a><\/div>[\/vc_column][\/vc_row]<\/p>\n<\/div>","protected":false},"excerpt":{"rendered":"<p>[vc_row content_placement=&#8221;middle&#8221;][vc_column width=&#8221;1\/2&#8243;][vc_column_text css=&#8221;&#8221;] Us\u0142ugi Rolnicze Oferujemy specjalistyczne us\u0142ugi rolnicze dla sektora owocowego. Dzi\u0119ki nowoczesnym maszynom i do\u015bwiadczonemu personelowi wspieramy rolnik\u00f3w w r\u00f3\u017cnych pracach, od ochrony ro\u015blin po nawo\u017cenie.[\/vc_column_text][\/vc_column][vc_column width=&#8221;1\/2&#8243;][vc_single_image image=&#8221;746&#8243; img_size=&#8221;large&#8221; alignment=&#8221;center&#8221; style=&#8221;vc_box_rounded&#8221; css_animation=&#8221;zoomIn&#8221; css=&#8221;&#8221;][\/vc_column][\/vc_row][vc_row][vc_column][vc_empty_space][\/vc_column][\/vc_row][vc_row content_placement=&#8221;middle&#8221;][vc_column width=&#8221;1\/2&#8243;][vc_single_image image=&#8221;947&#8243; img_size=&#8221;large&#8221; alignment=&#8221;center&#8221; style=&#8221;vc_box_rounded&#8221; css_animation=&#8221;zoomIn&#8221; css=&#8221;&#8221;][\/vc_column][vc_column width=&#8221;1\/2&#8243;][vc_column_text css=&#8221;&#8221;] Ochrona ro\u015blin Zdrowa uprawa zaczyna si\u0119 od skutecznej ochrony [&hellip;]<\/p>\n","protected":false},"author":1,"featured_media":0,"parent":0,"menu_order":0,"comment_status":"closed","ping_status":"closed","template":"","meta":{"_acf_changed":false,"footnotes":""},"class_list":["post-1124","page","type-page","status-publish","hentry"],"acf":[],"yoast_head":"<!-- This site is optimized with the Yoast SEO plugin v25.3 - https:\/\/yoast.com\/wordpress\/plugins\/seo\/ -->\n<title>Us\u0142ugi dla rolnictwa | Rensen Fruit- en Loonbedrijf<\/title>\n<meta name=\"robots\" content=\"index, follow, max-snippet:-1, max-image-preview:large, max-video-preview:-1\" \/>\n<link rel=\"canonical\" href=\"https:\/\/www.fruitloonbedrijf-rensen.nl\/pl\/uslugi-dla-rolnictwa\/\" \/>\n<meta property=\"og:locale\" content=\"pl_PL\" \/>\n<meta property=\"og:type\" content=\"article\" \/>\n<meta property=\"og:title\" content=\"Us\u0142ugi dla rolnictwa | Rensen Fruit- en Loonbedrijf\" \/>\n<meta property=\"og:description\" content=\"[vc_row content_placement=&#8221;middle&#8221;][vc_column width=&#8221;1\/2&#8243;][vc_column_text css=&#8221;&#8221;] Us\u0142ugi Rolnicze Oferujemy specjalistyczne us\u0142ugi rolnicze dla sektora owocowego. Dzi\u0119ki nowoczesnym maszynom i do\u015bwiadczonemu personelowi wspieramy rolnik\u00f3w w r\u00f3\u017cnych pracach, od ochrony ro\u015blin po nawo\u017cenie.[\/vc_column_text][\/vc_column][vc_column width=&#8221;1\/2&#8243;][vc_single_image image=&#8221;746&#8243; img_size=&#8221;large&#8221; alignment=&#8221;center&#8221; style=&#8221;vc_box_rounded&#8221; css_animation=&#8221;zoomIn&#8221; css=&#8221;&#8221;][\/vc_column][\/vc_row][vc_row][vc_column][vc_empty_space][\/vc_column][\/vc_row][vc_row content_placement=&#8221;middle&#8221;][vc_column width=&#8221;1\/2&#8243;][vc_single_image image=&#8221;947&#8243; img_size=&#8221;large&#8221; alignment=&#8221;center&#8221; style=&#8221;vc_box_rounded&#8221; css_animation=&#8221;zoomIn&#8221; css=&#8221;&#8221;][\/vc_column][vc_column width=&#8221;1\/2&#8243;][vc_column_text css=&#8221;&#8221;] Ochrona ro\u015blin Zdrowa uprawa zaczyna si\u0119 od skutecznej ochrony [&hellip;]\" \/>\n<meta property=\"og:url\" content=\"https:\/\/www.fruitloonbedrijf-rensen.nl\/pl\/uslugi-dla-rolnictwa\/\" \/>\n<meta property=\"og:site_name\" content=\"Rensen Fruit- en Loonbedrijf\" \/>\n<meta property=\"article:modified_time\" content=\"2025-06-13T12:48:40+00:00\" \/>\n<meta name=\"twitter:card\" content=\"summary_large_image\" \/>\n<meta name=\"twitter:label1\" content=\"Szacowany czas czytania\" \/>\n\t<meta name=\"twitter:data1\" content=\"2 minuty\" \/>\n<script type=\"application\/ld+json\" class=\"yoast-schema-graph\">{\"@context\":\"https:\/\/schema.org\",\"@graph\":[{\"@type\":\"WebPage\",\"@id\":\"https:\/\/www.fruitloonbedrijf-rensen.nl\/pl\/uslugi-dla-rolnictwa\/\",\"url\":\"https:\/\/www.fruitloonbedrijf-rensen.nl\/pl\/uslugi-dla-rolnictwa\/\",\"name\":\"Us\u0142ugi dla rolnictwa | Rensen Fruit- en Loonbedrijf\",\"isPartOf\":{\"@id\":\"https:\/\/www.fruitloonbedrijf-rensen.nl\/pl\/#website\"},\"datePublished\":\"2025-03-07T09:20:10+00:00\",\"dateModified\":\"2025-06-13T12:48:40+00:00\",\"breadcrumb\":{\"@id\":\"https:\/\/www.fruitloonbedrijf-rensen.nl\/pl\/uslugi-dla-rolnictwa\/#breadcrumb\"},\"inLanguage\":\"pl-PL\",\"potentialAction\":[{\"@type\":\"ReadAction\",\"target\":[\"https:\/\/www.fruitloonbedrijf-rensen.nl\/pl\/uslugi-dla-rolnictwa\/\"]}]},{\"@type\":\"BreadcrumbList\",\"@id\":\"https:\/\/www.fruitloonbedrijf-rensen.nl\/pl\/uslugi-dla-rolnictwa\/#breadcrumb\",\"itemListElement\":[{\"@type\":\"ListItem\",\"position\":1,\"name\":\"Home\",\"item\":\"https:\/\/www.fruitloonbedrijf-rensen.nl\/pl\/\"},{\"@type\":\"ListItem\",\"position\":2,\"name\":\"Us\u0142ugi dla rolnictwa\"}]},{\"@type\":\"WebSite\",\"@id\":\"https:\/\/www.fruitloonbedrijf-rensen.nl\/pl\/#website\",\"url\":\"https:\/\/www.fruitloonbedrijf-rensen.nl\/pl\/\",\"name\":\"Rensen Fruit- en Loonbedrijf\",\"description\":\"Rensen Fruit- en Loonbedrijf\",\"potentialAction\":[{\"@type\":\"SearchAction\",\"target\":{\"@type\":\"EntryPoint\",\"urlTemplate\":\"https:\/\/www.fruitloonbedrijf-rensen.nl\/pl\/?s={search_term_string}\"},\"query-input\":{\"@type\":\"PropertyValueSpecification\",\"valueRequired\":true,\"valueName\":\"search_term_string\"}}],\"inLanguage\":\"pl-PL\"}]}<\/script>\n<!-- \/ Yoast SEO plugin. -->","yoast_head_json":{"title":"Us\u0142ugi dla rolnictwa | Rensen Fruit- en Loonbedrijf","robots":{"index":"index","follow":"follow","max-snippet":"max-snippet:-1","max-image-preview":"max-image-preview:large","max-video-preview":"max-video-preview:-1"},"canonical":"https:\/\/www.fruitloonbedrijf-rensen.nl\/pl\/uslugi-dla-rolnictwa\/","og_locale":"pl_PL","og_type":"article","og_title":"Us\u0142ugi dla rolnictwa | Rensen Fruit- en Loonbedrijf","og_description":"[vc_row content_placement=&#8221;middle&#8221;][vc_column width=&#8221;1\/2&#8243;][vc_column_text css=&#8221;&#8221;] Us\u0142ugi Rolnicze Oferujemy specjalistyczne us\u0142ugi rolnicze dla sektora owocowego. Dzi\u0119ki nowoczesnym maszynom i do\u015bwiadczonemu personelowi wspieramy rolnik\u00f3w w r\u00f3\u017cnych pracach, od ochrony ro\u015blin po nawo\u017cenie.[\/vc_column_text][\/vc_column][vc_column width=&#8221;1\/2&#8243;][vc_single_image image=&#8221;746&#8243; img_size=&#8221;large&#8221; alignment=&#8221;center&#8221; style=&#8221;vc_box_rounded&#8221; css_animation=&#8221;zoomIn&#8221; css=&#8221;&#8221;][\/vc_column][\/vc_row][vc_row][vc_column][vc_empty_space][\/vc_column][\/vc_row][vc_row content_placement=&#8221;middle&#8221;][vc_column width=&#8221;1\/2&#8243;][vc_single_image image=&#8221;947&#8243; img_size=&#8221;large&#8221; alignment=&#8221;center&#8221; style=&#8221;vc_box_rounded&#8221; css_animation=&#8221;zoomIn&#8221; css=&#8221;&#8221;][\/vc_column][vc_column width=&#8221;1\/2&#8243;][vc_column_text css=&#8221;&#8221;] Ochrona ro\u015blin Zdrowa uprawa zaczyna si\u0119 od skutecznej ochrony [&hellip;]","og_url":"https:\/\/www.fruitloonbedrijf-rensen.nl\/pl\/uslugi-dla-rolnictwa\/","og_site_name":"Rensen Fruit- en Loonbedrijf","article_modified_time":"2025-06-13T12:48:40+00:00","twitter_card":"summary_large_image","twitter_misc":{"Szacowany czas czytania":"2 minuty"},"schema":{"@context":"https:\/\/schema.org","@graph":[{"@type":"WebPage","@id":"https:\/\/www.fruitloonbedrijf-rensen.nl\/pl\/uslugi-dla-rolnictwa\/","url":"https:\/\/www.fruitloonbedrijf-rensen.nl\/pl\/uslugi-dla-rolnictwa\/","name":"Us\u0142ugi dla rolnictwa | Rensen Fruit- en Loonbedrijf","isPartOf":{"@id":"https:\/\/www.fruitloonbedrijf-rensen.nl\/pl\/#website"},"datePublished":"2025-03-07T09:20:10+00:00","dateModified":"2025-06-13T12:48:40+00:00","breadcrumb":{"@id":"https:\/\/www.fruitloonbedrijf-rensen.nl\/pl\/uslugi-dla-rolnictwa\/#breadcrumb"},"inLanguage":"pl-PL","potentialAction":[{"@type":"ReadAction","target":["https:\/\/www.fruitloonbedrijf-rensen.nl\/pl\/uslugi-dla-rolnictwa\/"]}]},{"@type":"BreadcrumbList","@id":"https:\/\/www.fruitloonbedrijf-rensen.nl\/pl\/uslugi-dla-rolnictwa\/#breadcrumb","itemListElement":[{"@type":"ListItem","position":1,"name":"Home","item":"https:\/\/www.fruitloonbedrijf-rensen.nl\/pl\/"},{"@type":"ListItem","position":2,"name":"Us\u0142ugi dla rolnictwa"}]},{"@type":"WebSite","@id":"https:\/\/www.fruitloonbedrijf-rensen.nl\/pl\/#website","url":"https:\/\/www.fruitloonbedrijf-rensen.nl\/pl\/","name":"Rensen Fruit- en Loonbedrijf","description":"Rensen Fruit- en Loonbedrijf","potentialAction":[{"@type":"SearchAction","target":{"@type":"EntryPoint","urlTemplate":"https:\/\/www.fruitloonbedrijf-rensen.nl\/pl\/?s={search_term_string}"},"query-input":{"@type":"PropertyValueSpecification","valueRequired":true,"valueName":"search_term_string"}}],"inLanguage":"pl-PL"}]}},"_links":{"self":[{"href":"https:\/\/www.fruitloonbedrijf-rensen.nl\/pl\/wp-json\/wp\/v2\/pages\/1124","targetHints":{"allow":["GET"]}}],"collection":[{"href":"https:\/\/www.fruitloonbedrijf-rensen.nl\/pl\/wp-json\/wp\/v2\/pages"}],"about":[{"href":"https:\/\/www.fruitloonbedrijf-rensen.nl\/pl\/wp-json\/wp\/v2\/types\/page"}],"author":[{"embeddable":true,"href":"https:\/\/www.fruitloonbedrijf-rensen.nl\/pl\/wp-json\/wp\/v2\/users\/1"}],"replies":[{"embeddable":true,"href":"https:\/\/www.fruitloonbedrijf-rensen.nl\/pl\/wp-json\/wp\/v2\/comments?post=1124"}],"version-history":[{"count":8,"href":"https:\/\/www.fruitloonbedrijf-rensen.nl\/pl\/wp-json\/wp\/v2\/pages\/1124\/revisions"}],"predecessor-version":[{"id":1532,"href":"https:\/\/www.fruitloonbedrijf-rensen.nl\/pl\/wp-json\/wp\/v2\/pages\/1124\/revisions\/1532"}],"wp:attachment":[{"href":"https:\/\/www.fruitloonbedrijf-rensen.nl\/pl\/wp-json\/wp\/v2\/media?parent=1124"}],"curies":[{"name":"wp","href":"https:\/\/api.w.org\/{rel}","templated":true}]}}