{"id":1118,"date":"2025-03-07T09:19:55","date_gmt":"2025-03-07T09:19:55","guid":{"rendered":"https:\/\/www.fruitloonbedrijf-rensen.nl\/gospodarstwo-owocowe\/"},"modified":"2025-06-13T12:48:21","modified_gmt":"2025-06-13T12:48:21","slug":"gospodarstwo-owocowe","status":"publish","type":"page","link":"https:\/\/www.fruitloonbedrijf-rensen.nl\/pl\/gospodarstwo-owocowe\/","title":{"rendered":"Gospodarstwo owocowe"},"content":{"rendered":"<div class=\"wpb-content-wrapper\"><p>[vc_row content_placement=&#8221;middle&#8221;][vc_column width=&#8221;1\/2&#8243;][vc_column_text css=&#8221;&#8221;]<\/p>\n<h2><strong>Gospodarstwo Owocowe<\/strong><\/h2>\n<p>W sercu Betuwe, pomi\u0119dzy rzekami Waal i Ren, znajduje si\u0119 nasze gospodarstwo. Posiadamy oko\u0142o 20 hektar\u00f3w \u017cyznej gleby rzecznej, na kt\u00f3rej z pasj\u0105 uprawiamy jab\u0142ka, gruszki i wi\u015bnie. Betuwe jest znana jako region owocowy Holandii, a my codziennie udowadniamy, \u017ce zas\u0142ugujemy na to miano. Obecnie kieruje nami pi\u0105te pokolenie rodziny.[\/vc_column_text]<div class='wpb_content_element' align=''><a class='button button--primary'  href='\/pl\/oferty-pracy'>Oferty pracy<\/a><\/div>[\/vc_column][vc_column width=&#8221;1\/2&#8243;][vc_single_image image=&#8221;746&#8243; img_size=&#8221;large&#8221; alignment=&#8221;center&#8221; style=&#8221;vc_box_rounded&#8221; css_animation=&#8221;zoomIn&#8221; css=&#8221;&#8221;][\/vc_column][\/vc_row][vc_row][vc_column][vc_empty_space][\/vc_column][\/vc_row][vc_row full_width=&#8221;stretch_row&#8221; css=&#8221;.vc_custom_1747728632520{background-color: #0E66340D !important;}&#8221;][vc_column][vc_column_text css=&#8221;&#8221;]<\/p>\n<h2 style=\"text-align: center;\"><strong>W\u0142asna uprawa, w\u0142asna jako\u015b\u0107<\/strong><\/h2>\n<p style=\"text-align: center;\">Ca\u0142y proces uprawy owoc\u00f3w odbywa si\u0119 w naszym gospodarstwie. Oznacza to, \u017ce wszystkie owoce, kt\u00f3re dostarczamy, pochodz\u0105 bezpo\u015brednio z naszych drzew. Gwarantuje to sta\u0142\u0105 jako\u015b\u0107, optymaln\u0105 \u015bwie\u017co\u015b\u0107 i kr\u00f3tkie \u0142a\u0144cuchy dostaw mi\u0119dzy producentem a odbiorc\u0105. Dostarczamy owoce bez po\u015brednik\u00f3w: bezpo\u015brednio do stragan\u00f3w, sklep\u00f3w i ma\u0142ych dystrybutor\u00f3w w Holandii oraz za granic\u0105. Szczeg\u00f3lnie w Niemczech i Francji nasi klienci doceniaj\u0105 nasze produkty.<\/p>\n<p>[\/vc_column_text][\/vc_column][\/vc_row][vc_row][vc_column][vc_empty_space][\/vc_column][\/vc_row][vc_row content_placement=&#8221;middle&#8221;][vc_column width=&#8221;1\/2&#8243;][vc_single_image image=&#8221;1025&#8243; img_size=&#8221;large&#8221; alignment=&#8221;center&#8221; style=&#8221;vc_box_rounded&#8221; css_animation=&#8221;zoomIn&#8221; css=&#8221;&#8221;][\/vc_column][vc_column width=&#8221;1\/2&#8243;][vc_column_text css=&#8221;&#8221;]<\/p>\n<h3><strong>Nasze odmiany owoc\u00f3w<\/strong><\/h3>\n<p><strong>\u2022 Jab\u0142ka: Wellant<br \/>\n\u2022 Gruszki: Conf\u00e9rence i Lucassen<br \/>\n\u2022 Wi\u015bnie: Kordia i Regina<\/strong><\/p>\n<p>Nasze wi\u015bnie uprawiane s\u0105 pod os\u0142onami foliowymi i chronione siatkami przeciwko muszkom \u2013 metoda ta zapewnia owoce wysokiej jako\u015bci, wolne od uszkodze\u0144. Posiadamy r\u00f3wnie\u017c w\u0142asne ch\u0142odnie do przechowywania twardych owoc\u00f3w, co pozwala na ich optymalne przechowywanie przed transportem.[\/vc_column_text][\/vc_column][\/vc_row][vc_row][vc_column][vc_empty_space][\/vc_column][\/vc_row][vc_row content_placement=&#8221;middle&#8221;][vc_column width=&#8221;1\/2&#8243;][vc_column_text css=&#8221;&#8221;]<\/p>\n<h3><strong>Kr\u00f3tki \u0142a\u0144cuch dostaw, \u015bwie\u017ce owoce<\/strong><\/h3>\n<p>Dzi\u0119ki temu, \u017ce sami uprawiamy, przechowujemy i bezpo\u015brednio dostarczamy owoce, mo\u017cemy zaoferowa\u0107 naszym klientom \u015bwie\u017cszy produkt w uczciwej cenie. Wi\u0119kszo\u015b\u0107 odbiorc\u00f3w odbiera owoce osobi\u015bcie, ale na \u017cyczenie zapewniamy r\u00f3wnie\u017c dostaw\u0119. Dzi\u0119ki temu \u0142a\u0144cuch dostaw jest kr\u00f3tki, a kontakt osobisty.[\/vc_column_text]<div class='wpb_content_element' align=''><a class='button button--primary'  href='\/pl\/kontakt'>Kontakt<\/a><\/div>[\/vc_column][vc_column width=&#8221;1\/2&#8243;][vc_single_image image=&#8221;959&#8243; img_size=&#8221;large&#8221; alignment=&#8221;center&#8221; style=&#8221;vc_box_rounded&#8221; css_animation=&#8221;zoomIn&#8221; css=&#8221;&#8221;][\/vc_column][\/vc_row]<\/p>\n<\/div>","protected":false},"excerpt":{"rendered":"<p>[vc_row content_placement=&#8221;middle&#8221;][vc_column width=&#8221;1\/2&#8243;][vc_column_text css=&#8221;&#8221;] Gospodarstwo Owocowe W sercu Betuwe, pomi\u0119dzy rzekami Waal i Ren, znajduje si\u0119 nasze gospodarstwo. Posiadamy oko\u0142o 20 hektar\u00f3w \u017cyznej gleby rzecznej, na kt\u00f3rej z pasj\u0105 uprawiamy jab\u0142ka, gruszki i wi\u015bnie. Betuwe jest znana jako region owocowy Holandii, a my codziennie udowadniamy, \u017ce zas\u0142ugujemy na to miano. Obecnie kieruje nami pi\u0105te pokolenie [&hellip;]<\/p>\n","protected":false},"author":1,"featured_media":0,"parent":0,"menu_order":0,"comment_status":"closed","ping_status":"closed","template":"","meta":{"_acf_changed":false,"footnotes":""},"class_list":["post-1118","page","type-page","status-publish","hentry"],"acf":[],"yoast_head":"<!-- This site is optimized with the Yoast SEO plugin v25.3 - https:\/\/yoast.com\/wordpress\/plugins\/seo\/ -->\n<title>Gospodarstwo owocowe | Rensen Fruit- en Loonbedrijf<\/title>\n<meta name=\"robots\" content=\"index, follow, max-snippet:-1, max-image-preview:large, max-video-preview:-1\" \/>\n<link rel=\"canonical\" href=\"https:\/\/www.fruitloonbedrijf-rensen.nl\/pl\/gospodarstwo-owocowe\/\" \/>\n<meta property=\"og:locale\" content=\"pl_PL\" \/>\n<meta property=\"og:type\" content=\"article\" \/>\n<meta property=\"og:title\" content=\"Gospodarstwo owocowe | Rensen Fruit- en Loonbedrijf\" \/>\n<meta property=\"og:description\" content=\"[vc_row content_placement=&#8221;middle&#8221;][vc_column width=&#8221;1\/2&#8243;][vc_column_text css=&#8221;&#8221;] Gospodarstwo Owocowe W sercu Betuwe, pomi\u0119dzy rzekami Waal i Ren, znajduje si\u0119 nasze gospodarstwo. Posiadamy oko\u0142o 20 hektar\u00f3w \u017cyznej gleby rzecznej, na kt\u00f3rej z pasj\u0105 uprawiamy jab\u0142ka, gruszki i wi\u015bnie. Betuwe jest znana jako region owocowy Holandii, a my codziennie udowadniamy, \u017ce zas\u0142ugujemy na to miano. Obecnie kieruje nami pi\u0105te pokolenie [&hellip;]\" \/>\n<meta property=\"og:url\" content=\"https:\/\/www.fruitloonbedrijf-rensen.nl\/pl\/gospodarstwo-owocowe\/\" \/>\n<meta property=\"og:site_name\" content=\"Rensen Fruit- en Loonbedrijf\" \/>\n<meta property=\"article:modified_time\" content=\"2025-06-13T12:48:21+00:00\" \/>\n<meta name=\"twitter:card\" content=\"summary_large_image\" \/>\n<meta name=\"twitter:label1\" content=\"Szacowany czas czytania\" \/>\n\t<meta name=\"twitter:data1\" content=\"2 minuty\" \/>\n<script type=\"application\/ld+json\" class=\"yoast-schema-graph\">{\"@context\":\"https:\/\/schema.org\",\"@graph\":[{\"@type\":\"WebPage\",\"@id\":\"https:\/\/www.fruitloonbedrijf-rensen.nl\/pl\/gospodarstwo-owocowe\/\",\"url\":\"https:\/\/www.fruitloonbedrijf-rensen.nl\/pl\/gospodarstwo-owocowe\/\",\"name\":\"Gospodarstwo owocowe | Rensen Fruit- en Loonbedrijf\",\"isPartOf\":{\"@id\":\"https:\/\/www.fruitloonbedrijf-rensen.nl\/pl\/#website\"},\"datePublished\":\"2025-03-07T09:19:55+00:00\",\"dateModified\":\"2025-06-13T12:48:21+00:00\",\"breadcrumb\":{\"@id\":\"https:\/\/www.fruitloonbedrijf-rensen.nl\/pl\/gospodarstwo-owocowe\/#breadcrumb\"},\"inLanguage\":\"pl-PL\",\"potentialAction\":[{\"@type\":\"ReadAction\",\"target\":[\"https:\/\/www.fruitloonbedrijf-rensen.nl\/pl\/gospodarstwo-owocowe\/\"]}]},{\"@type\":\"BreadcrumbList\",\"@id\":\"https:\/\/www.fruitloonbedrijf-rensen.nl\/pl\/gospodarstwo-owocowe\/#breadcrumb\",\"itemListElement\":[{\"@type\":\"ListItem\",\"position\":1,\"name\":\"Home\",\"item\":\"https:\/\/www.fruitloonbedrijf-rensen.nl\/pl\/\"},{\"@type\":\"ListItem\",\"position\":2,\"name\":\"Gospodarstwo owocowe\"}]},{\"@type\":\"WebSite\",\"@id\":\"https:\/\/www.fruitloonbedrijf-rensen.nl\/pl\/#website\",\"url\":\"https:\/\/www.fruitloonbedrijf-rensen.nl\/pl\/\",\"name\":\"Rensen Fruit- en Loonbedrijf\",\"description\":\"Rensen Fruit- en Loonbedrijf\",\"potentialAction\":[{\"@type\":\"SearchAction\",\"target\":{\"@type\":\"EntryPoint\",\"urlTemplate\":\"https:\/\/www.fruitloonbedrijf-rensen.nl\/pl\/?s={search_term_string}\"},\"query-input\":{\"@type\":\"PropertyValueSpecification\",\"valueRequired\":true,\"valueName\":\"search_term_string\"}}],\"inLanguage\":\"pl-PL\"}]}<\/script>\n<!-- \/ Yoast SEO plugin. -->","yoast_head_json":{"title":"Gospodarstwo owocowe | Rensen Fruit- en Loonbedrijf","robots":{"index":"index","follow":"follow","max-snippet":"max-snippet:-1","max-image-preview":"max-image-preview:large","max-video-preview":"max-video-preview:-1"},"canonical":"https:\/\/www.fruitloonbedrijf-rensen.nl\/pl\/gospodarstwo-owocowe\/","og_locale":"pl_PL","og_type":"article","og_title":"Gospodarstwo owocowe | Rensen Fruit- en Loonbedrijf","og_description":"[vc_row content_placement=&#8221;middle&#8221;][vc_column width=&#8221;1\/2&#8243;][vc_column_text css=&#8221;&#8221;] Gospodarstwo Owocowe W sercu Betuwe, pomi\u0119dzy rzekami Waal i Ren, znajduje si\u0119 nasze gospodarstwo. Posiadamy oko\u0142o 20 hektar\u00f3w \u017cyznej gleby rzecznej, na kt\u00f3rej z pasj\u0105 uprawiamy jab\u0142ka, gruszki i wi\u015bnie. Betuwe jest znana jako region owocowy Holandii, a my codziennie udowadniamy, \u017ce zas\u0142ugujemy na to miano. Obecnie kieruje nami pi\u0105te pokolenie [&hellip;]","og_url":"https:\/\/www.fruitloonbedrijf-rensen.nl\/pl\/gospodarstwo-owocowe\/","og_site_name":"Rensen Fruit- en Loonbedrijf","article_modified_time":"2025-06-13T12:48:21+00:00","twitter_card":"summary_large_image","twitter_misc":{"Szacowany czas czytania":"2 minuty"},"schema":{"@context":"https:\/\/schema.org","@graph":[{"@type":"WebPage","@id":"https:\/\/www.fruitloonbedrijf-rensen.nl\/pl\/gospodarstwo-owocowe\/","url":"https:\/\/www.fruitloonbedrijf-rensen.nl\/pl\/gospodarstwo-owocowe\/","name":"Gospodarstwo owocowe | Rensen Fruit- en Loonbedrijf","isPartOf":{"@id":"https:\/\/www.fruitloonbedrijf-rensen.nl\/pl\/#website"},"datePublished":"2025-03-07T09:19:55+00:00","dateModified":"2025-06-13T12:48:21+00:00","breadcrumb":{"@id":"https:\/\/www.fruitloonbedrijf-rensen.nl\/pl\/gospodarstwo-owocowe\/#breadcrumb"},"inLanguage":"pl-PL","potentialAction":[{"@type":"ReadAction","target":["https:\/\/www.fruitloonbedrijf-rensen.nl\/pl\/gospodarstwo-owocowe\/"]}]},{"@type":"BreadcrumbList","@id":"https:\/\/www.fruitloonbedrijf-rensen.nl\/pl\/gospodarstwo-owocowe\/#breadcrumb","itemListElement":[{"@type":"ListItem","position":1,"name":"Home","item":"https:\/\/www.fruitloonbedrijf-rensen.nl\/pl\/"},{"@type":"ListItem","position":2,"name":"Gospodarstwo owocowe"}]},{"@type":"WebSite","@id":"https:\/\/www.fruitloonbedrijf-rensen.nl\/pl\/#website","url":"https:\/\/www.fruitloonbedrijf-rensen.nl\/pl\/","name":"Rensen Fruit- en Loonbedrijf","description":"Rensen Fruit- en Loonbedrijf","potentialAction":[{"@type":"SearchAction","target":{"@type":"EntryPoint","urlTemplate":"https:\/\/www.fruitloonbedrijf-rensen.nl\/pl\/?s={search_term_string}"},"query-input":{"@type":"PropertyValueSpecification","valueRequired":true,"valueName":"search_term_string"}}],"inLanguage":"pl-PL"}]}},"_links":{"self":[{"href":"https:\/\/www.fruitloonbedrijf-rensen.nl\/pl\/wp-json\/wp\/v2\/pages\/1118","targetHints":{"allow":["GET"]}}],"collection":[{"href":"https:\/\/www.fruitloonbedrijf-rensen.nl\/pl\/wp-json\/wp\/v2\/pages"}],"about":[{"href":"https:\/\/www.fruitloonbedrijf-rensen.nl\/pl\/wp-json\/wp\/v2\/types\/page"}],"author":[{"embeddable":true,"href":"https:\/\/www.fruitloonbedrijf-rensen.nl\/pl\/wp-json\/wp\/v2\/users\/1"}],"replies":[{"embeddable":true,"href":"https:\/\/www.fruitloonbedrijf-rensen.nl\/pl\/wp-json\/wp\/v2\/comments?post=1118"}],"version-history":[{"count":9,"href":"https:\/\/www.fruitloonbedrijf-rensen.nl\/pl\/wp-json\/wp\/v2\/pages\/1118\/revisions"}],"predecessor-version":[{"id":1531,"href":"https:\/\/www.fruitloonbedrijf-rensen.nl\/pl\/wp-json\/wp\/v2\/pages\/1118\/revisions\/1531"}],"wp:attachment":[{"href":"https:\/\/www.fruitloonbedrijf-rensen.nl\/pl\/wp-json\/wp\/v2\/media?parent=1118"}],"curies":[{"name":"wp","href":"https:\/\/api.w.org\/{rel}","templated":true}]}}