{"id":1112,"date":"2025-03-07T09:18:16","date_gmt":"2025-03-07T09:18:16","guid":{"rendered":"https:\/\/www.fruitloonbedrijf-rensen.nl\/wisnie\/"},"modified":"2025-06-13T12:48:01","modified_gmt":"2025-06-13T12:48:01","slug":"wisnie","status":"publish","type":"page","link":"https:\/\/www.fruitloonbedrijf-rensen.nl\/pl\/wisnie\/","title":{"rendered":"Wi\u015bnie"},"content":{"rendered":"<div class=\"wpb-content-wrapper\"><p>[vc_row content_placement=&#8221;middle&#8221;][vc_column width=&#8221;1\/2&#8243;][vc_column_text css=&#8221;&#8221;]<\/p>\n<h2><strong>Wi\u015bnie: Kordia i Regina<\/strong><\/h2>\n<p>Nasze wi\u015bnie odmian Kordia i Regina uprawiane s\u0105 z wielk\u0105 staranno\u015bci\u0105, aby zapewni\u0107 optymaln\u0105 jako\u015b\u0107 i smak. Ro\u015bliny rosn\u0105 pod os\u0142onami foliowymi, co chroni je przed deszczem i zapobiega p\u0119kaniu. Dodatkowo stosujemy siatki przeciwko muszkom, aby zminimalizowa\u0107 uszkodzenia owoc\u00f3w. Ta kombinacja ochrony i fachowo\u015bci daje owoce j\u0119drne, b\u0142yszcz\u0105ce i o pe\u0142nym, s\u0142odkim smaku.[\/vc_column_text]<div class='wpb_content_element' align=''><a class='button button--primary'  href='\/pl\/oferty-pracy'>Oferty pracy<\/a><\/div>[\/vc_column][vc_column width=&#8221;1\/2&#8243;][vc_single_image image=&#8221;772&#8243; img_size=&#8221;large&#8221; alignment=&#8221;center&#8221; style=&#8221;vc_box_rounded&#8221; css_animation=&#8221;zoomIn&#8221; css=&#8221;&#8221;][\/vc_column][\/vc_row]<\/p>\n<\/div>","protected":false},"excerpt":{"rendered":"<p>[vc_row content_placement=&#8221;middle&#8221;][vc_column width=&#8221;1\/2&#8243;][vc_column_text css=&#8221;&#8221;] Wi\u015bnie: Kordia i Regina Nasze wi\u015bnie odmian Kordia i Regina uprawiane s\u0105 z wielk\u0105 staranno\u015bci\u0105, aby zapewni\u0107 optymaln\u0105 jako\u015b\u0107 i smak. Ro\u015bliny rosn\u0105 pod os\u0142onami foliowymi, co chroni je przed deszczem i zapobiega p\u0119kaniu. Dodatkowo stosujemy siatki przeciwko muszkom, aby zminimalizowa\u0107 uszkodzenia owoc\u00f3w. Ta kombinacja ochrony i fachowo\u015bci daje owoce j\u0119drne, [&hellip;]<\/p>\n","protected":false},"author":1,"featured_media":0,"parent":0,"menu_order":0,"comment_status":"closed","ping_status":"closed","template":"","meta":{"_acf_changed":false,"footnotes":""},"class_list":["post-1112","page","type-page","status-publish","hentry"],"acf":[],"yoast_head":"<!-- This site is optimized with the Yoast SEO plugin v25.3 - https:\/\/yoast.com\/wordpress\/plugins\/seo\/ -->\n<title>Wi\u015bnie | Rensen Fruit- en Loonbedrijf<\/title>\n<meta name=\"robots\" content=\"index, follow, max-snippet:-1, max-image-preview:large, max-video-preview:-1\" \/>\n<link rel=\"canonical\" href=\"https:\/\/www.fruitloonbedrijf-rensen.nl\/pl\/wisnie\/\" \/>\n<meta property=\"og:locale\" content=\"pl_PL\" \/>\n<meta property=\"og:type\" content=\"article\" \/>\n<meta property=\"og:title\" content=\"Wi\u015bnie | Rensen Fruit- en Loonbedrijf\" \/>\n<meta property=\"og:description\" content=\"[vc_row content_placement=&#8221;middle&#8221;][vc_column width=&#8221;1\/2&#8243;][vc_column_text css=&#8221;&#8221;] Wi\u015bnie: Kordia i Regina Nasze wi\u015bnie odmian Kordia i Regina uprawiane s\u0105 z wielk\u0105 staranno\u015bci\u0105, aby zapewni\u0107 optymaln\u0105 jako\u015b\u0107 i smak. Ro\u015bliny rosn\u0105 pod os\u0142onami foliowymi, co chroni je przed deszczem i zapobiega p\u0119kaniu. Dodatkowo stosujemy siatki przeciwko muszkom, aby zminimalizowa\u0107 uszkodzenia owoc\u00f3w. Ta kombinacja ochrony i fachowo\u015bci daje owoce j\u0119drne, [&hellip;]\" \/>\n<meta property=\"og:url\" content=\"https:\/\/www.fruitloonbedrijf-rensen.nl\/pl\/wisnie\/\" \/>\n<meta property=\"og:site_name\" content=\"Rensen Fruit- en Loonbedrijf\" \/>\n<meta property=\"article:modified_time\" content=\"2025-06-13T12:48:01+00:00\" \/>\n<meta name=\"twitter:card\" content=\"summary_large_image\" \/>\n<meta name=\"twitter:label1\" content=\"Szacowany czas czytania\" \/>\n\t<meta name=\"twitter:data1\" content=\"1 minuta\" \/>\n<script type=\"application\/ld+json\" class=\"yoast-schema-graph\">{\"@context\":\"https:\/\/schema.org\",\"@graph\":[{\"@type\":\"WebPage\",\"@id\":\"https:\/\/www.fruitloonbedrijf-rensen.nl\/pl\/wisnie\/\",\"url\":\"https:\/\/www.fruitloonbedrijf-rensen.nl\/pl\/wisnie\/\",\"name\":\"Wi\u015bnie | Rensen Fruit- en Loonbedrijf\",\"isPartOf\":{\"@id\":\"https:\/\/www.fruitloonbedrijf-rensen.nl\/pl\/#website\"},\"datePublished\":\"2025-03-07T09:18:16+00:00\",\"dateModified\":\"2025-06-13T12:48:01+00:00\",\"breadcrumb\":{\"@id\":\"https:\/\/www.fruitloonbedrijf-rensen.nl\/pl\/wisnie\/#breadcrumb\"},\"inLanguage\":\"pl-PL\",\"potentialAction\":[{\"@type\":\"ReadAction\",\"target\":[\"https:\/\/www.fruitloonbedrijf-rensen.nl\/pl\/wisnie\/\"]}]},{\"@type\":\"BreadcrumbList\",\"@id\":\"https:\/\/www.fruitloonbedrijf-rensen.nl\/pl\/wisnie\/#breadcrumb\",\"itemListElement\":[{\"@type\":\"ListItem\",\"position\":1,\"name\":\"Home\",\"item\":\"https:\/\/www.fruitloonbedrijf-rensen.nl\/pl\/\"},{\"@type\":\"ListItem\",\"position\":2,\"name\":\"Wi\u015bnie\"}]},{\"@type\":\"WebSite\",\"@id\":\"https:\/\/www.fruitloonbedrijf-rensen.nl\/pl\/#website\",\"url\":\"https:\/\/www.fruitloonbedrijf-rensen.nl\/pl\/\",\"name\":\"Rensen Fruit- en Loonbedrijf\",\"description\":\"Rensen Fruit- en Loonbedrijf\",\"potentialAction\":[{\"@type\":\"SearchAction\",\"target\":{\"@type\":\"EntryPoint\",\"urlTemplate\":\"https:\/\/www.fruitloonbedrijf-rensen.nl\/pl\/?s={search_term_string}\"},\"query-input\":{\"@type\":\"PropertyValueSpecification\",\"valueRequired\":true,\"valueName\":\"search_term_string\"}}],\"inLanguage\":\"pl-PL\"}]}<\/script>\n<!-- \/ Yoast SEO plugin. -->","yoast_head_json":{"title":"Wi\u015bnie | Rensen Fruit- en Loonbedrijf","robots":{"index":"index","follow":"follow","max-snippet":"max-snippet:-1","max-image-preview":"max-image-preview:large","max-video-preview":"max-video-preview:-1"},"canonical":"https:\/\/www.fruitloonbedrijf-rensen.nl\/pl\/wisnie\/","og_locale":"pl_PL","og_type":"article","og_title":"Wi\u015bnie | Rensen Fruit- en Loonbedrijf","og_description":"[vc_row content_placement=&#8221;middle&#8221;][vc_column width=&#8221;1\/2&#8243;][vc_column_text css=&#8221;&#8221;] Wi\u015bnie: Kordia i Regina Nasze wi\u015bnie odmian Kordia i Regina uprawiane s\u0105 z wielk\u0105 staranno\u015bci\u0105, aby zapewni\u0107 optymaln\u0105 jako\u015b\u0107 i smak. Ro\u015bliny rosn\u0105 pod os\u0142onami foliowymi, co chroni je przed deszczem i zapobiega p\u0119kaniu. Dodatkowo stosujemy siatki przeciwko muszkom, aby zminimalizowa\u0107 uszkodzenia owoc\u00f3w. Ta kombinacja ochrony i fachowo\u015bci daje owoce j\u0119drne, [&hellip;]","og_url":"https:\/\/www.fruitloonbedrijf-rensen.nl\/pl\/wisnie\/","og_site_name":"Rensen Fruit- en Loonbedrijf","article_modified_time":"2025-06-13T12:48:01+00:00","twitter_card":"summary_large_image","twitter_misc":{"Szacowany czas czytania":"1 minuta"},"schema":{"@context":"https:\/\/schema.org","@graph":[{"@type":"WebPage","@id":"https:\/\/www.fruitloonbedrijf-rensen.nl\/pl\/wisnie\/","url":"https:\/\/www.fruitloonbedrijf-rensen.nl\/pl\/wisnie\/","name":"Wi\u015bnie | Rensen Fruit- en Loonbedrijf","isPartOf":{"@id":"https:\/\/www.fruitloonbedrijf-rensen.nl\/pl\/#website"},"datePublished":"2025-03-07T09:18:16+00:00","dateModified":"2025-06-13T12:48:01+00:00","breadcrumb":{"@id":"https:\/\/www.fruitloonbedrijf-rensen.nl\/pl\/wisnie\/#breadcrumb"},"inLanguage":"pl-PL","potentialAction":[{"@type":"ReadAction","target":["https:\/\/www.fruitloonbedrijf-rensen.nl\/pl\/wisnie\/"]}]},{"@type":"BreadcrumbList","@id":"https:\/\/www.fruitloonbedrijf-rensen.nl\/pl\/wisnie\/#breadcrumb","itemListElement":[{"@type":"ListItem","position":1,"name":"Home","item":"https:\/\/www.fruitloonbedrijf-rensen.nl\/pl\/"},{"@type":"ListItem","position":2,"name":"Wi\u015bnie"}]},{"@type":"WebSite","@id":"https:\/\/www.fruitloonbedrijf-rensen.nl\/pl\/#website","url":"https:\/\/www.fruitloonbedrijf-rensen.nl\/pl\/","name":"Rensen Fruit- en Loonbedrijf","description":"Rensen Fruit- en Loonbedrijf","potentialAction":[{"@type":"SearchAction","target":{"@type":"EntryPoint","urlTemplate":"https:\/\/www.fruitloonbedrijf-rensen.nl\/pl\/?s={search_term_string}"},"query-input":{"@type":"PropertyValueSpecification","valueRequired":true,"valueName":"search_term_string"}}],"inLanguage":"pl-PL"}]}},"_links":{"self":[{"href":"https:\/\/www.fruitloonbedrijf-rensen.nl\/pl\/wp-json\/wp\/v2\/pages\/1112","targetHints":{"allow":["GET"]}}],"collection":[{"href":"https:\/\/www.fruitloonbedrijf-rensen.nl\/pl\/wp-json\/wp\/v2\/pages"}],"about":[{"href":"https:\/\/www.fruitloonbedrijf-rensen.nl\/pl\/wp-json\/wp\/v2\/types\/page"}],"author":[{"embeddable":true,"href":"https:\/\/www.fruitloonbedrijf-rensen.nl\/pl\/wp-json\/wp\/v2\/users\/1"}],"replies":[{"embeddable":true,"href":"https:\/\/www.fruitloonbedrijf-rensen.nl\/pl\/wp-json\/wp\/v2\/comments?post=1112"}],"version-history":[{"count":4,"href":"https:\/\/www.fruitloonbedrijf-rensen.nl\/pl\/wp-json\/wp\/v2\/pages\/1112\/revisions"}],"predecessor-version":[{"id":1530,"href":"https:\/\/www.fruitloonbedrijf-rensen.nl\/pl\/wp-json\/wp\/v2\/pages\/1112\/revisions\/1530"}],"wp:attachment":[{"href":"https:\/\/www.fruitloonbedrijf-rensen.nl\/pl\/wp-json\/wp\/v2\/media?parent=1112"}],"curies":[{"name":"wp","href":"https:\/\/api.w.org\/{rel}","templated":true}]}}