{"id":1100,"date":"2025-03-07T09:17:43","date_gmt":"2025-03-07T09:17:43","guid":{"rendered":"https:\/\/www.fruitloonbedrijf-rensen.nl\/jablka\/"},"modified":"2025-06-13T12:47:21","modified_gmt":"2025-06-13T12:47:21","slug":"jablka","status":"publish","type":"page","link":"https:\/\/www.fruitloonbedrijf-rensen.nl\/pl\/jablka\/","title":{"rendered":"Jab\u0142ka"},"content":{"rendered":"<div class=\"wpb-content-wrapper\"><p>[vc_row content_placement=&#8221;middle&#8221;][vc_column width=&#8221;1\/2&#8243;][vc_column_text css=&#8221;&#8221;]<\/p>\n<h2><strong>Jab\u0142ka: Elstar i Jonagold<\/strong><\/h2>\n<p>Uprawiamy jab\u0142ka z pasj\u0105 i fachowo\u015bci\u0105 w naszych sadach w sercu Betuwe. \u017byzna gleba rzeczna w tym regionie stanowi idealne pod\u0142o\u017ce do rozwoju smacznych i j\u0119drnych jab\u0142ek. Nasza uprawa jab\u0142ek jest ca\u0142kowicie w naszym zarz\u0105dzie \u2013 od sadzenia i ci\u0119cia po zbi\u00f3r i przechowywanie \u2013 co pozwala nam zapewni\u0107 jako\u015b\u0107 naszych produkt\u00f3w na ka\u017cdym etapie.[\/vc_column_text]<div class='wpb_content_element' align=''><a class='button button--primary'  href='\/pl\/oferty-pracy'>Oferty pracy<\/a><\/div>[\/vc_column][vc_column width=&#8221;1\/2&#8243;][vc_single_image image=&#8221;778&#8243; img_size=&#8221;large&#8221; alignment=&#8221;center&#8221; style=&#8221;vc_box_rounded&#8221; css_animation=&#8221;zoomIn&#8221; css=&#8221;&#8221;][\/vc_column][\/vc_row]<\/p>\n<\/div>","protected":false},"excerpt":{"rendered":"<p>[vc_row content_placement=&#8221;middle&#8221;][vc_column width=&#8221;1\/2&#8243;][vc_column_text css=&#8221;&#8221;] Jab\u0142ka: Elstar i Jonagold Uprawiamy jab\u0142ka z pasj\u0105 i fachowo\u015bci\u0105 w naszych sadach w sercu Betuwe. \u017byzna gleba rzeczna w tym regionie stanowi idealne pod\u0142o\u017ce do rozwoju smacznych i j\u0119drnych jab\u0142ek. Nasza uprawa jab\u0142ek jest ca\u0142kowicie w naszym zarz\u0105dzie \u2013 od sadzenia i ci\u0119cia po zbi\u00f3r i przechowywanie \u2013 co pozwala [&hellip;]<\/p>\n","protected":false},"author":1,"featured_media":0,"parent":0,"menu_order":0,"comment_status":"closed","ping_status":"closed","template":"","meta":{"_acf_changed":false,"footnotes":""},"class_list":["post-1100","page","type-page","status-publish","hentry"],"acf":[],"yoast_head":"<!-- This site is optimized with the Yoast SEO plugin v25.3 - https:\/\/yoast.com\/wordpress\/plugins\/seo\/ -->\n<title>Jab\u0142ka | Rensen Fruit- en Loonbedrijf<\/title>\n<meta name=\"robots\" content=\"index, follow, max-snippet:-1, max-image-preview:large, max-video-preview:-1\" \/>\n<link rel=\"canonical\" href=\"https:\/\/www.fruitloonbedrijf-rensen.nl\/pl\/jablka\/\" \/>\n<meta property=\"og:locale\" content=\"pl_PL\" \/>\n<meta property=\"og:type\" content=\"article\" \/>\n<meta property=\"og:title\" content=\"Jab\u0142ka | Rensen Fruit- en Loonbedrijf\" \/>\n<meta property=\"og:description\" content=\"[vc_row content_placement=&#8221;middle&#8221;][vc_column width=&#8221;1\/2&#8243;][vc_column_text css=&#8221;&#8221;] Jab\u0142ka: Elstar i Jonagold Uprawiamy jab\u0142ka z pasj\u0105 i fachowo\u015bci\u0105 w naszych sadach w sercu Betuwe. \u017byzna gleba rzeczna w tym regionie stanowi idealne pod\u0142o\u017ce do rozwoju smacznych i j\u0119drnych jab\u0142ek. Nasza uprawa jab\u0142ek jest ca\u0142kowicie w naszym zarz\u0105dzie \u2013 od sadzenia i ci\u0119cia po zbi\u00f3r i przechowywanie \u2013 co pozwala [&hellip;]\" \/>\n<meta property=\"og:url\" content=\"https:\/\/www.fruitloonbedrijf-rensen.nl\/pl\/jablka\/\" \/>\n<meta property=\"og:site_name\" content=\"Rensen Fruit- en Loonbedrijf\" \/>\n<meta property=\"article:modified_time\" content=\"2025-06-13T12:47:21+00:00\" \/>\n<meta name=\"twitter:card\" content=\"summary_large_image\" \/>\n<meta name=\"twitter:label1\" content=\"Szacowany czas czytania\" \/>\n\t<meta name=\"twitter:data1\" content=\"1 minuta\" \/>\n<script type=\"application\/ld+json\" class=\"yoast-schema-graph\">{\"@context\":\"https:\/\/schema.org\",\"@graph\":[{\"@type\":\"WebPage\",\"@id\":\"https:\/\/www.fruitloonbedrijf-rensen.nl\/pl\/jablka\/\",\"url\":\"https:\/\/www.fruitloonbedrijf-rensen.nl\/pl\/jablka\/\",\"name\":\"Jab\u0142ka | Rensen Fruit- en Loonbedrijf\",\"isPartOf\":{\"@id\":\"https:\/\/www.fruitloonbedrijf-rensen.nl\/pl\/#website\"},\"datePublished\":\"2025-03-07T09:17:43+00:00\",\"dateModified\":\"2025-06-13T12:47:21+00:00\",\"breadcrumb\":{\"@id\":\"https:\/\/www.fruitloonbedrijf-rensen.nl\/pl\/jablka\/#breadcrumb\"},\"inLanguage\":\"pl-PL\",\"potentialAction\":[{\"@type\":\"ReadAction\",\"target\":[\"https:\/\/www.fruitloonbedrijf-rensen.nl\/pl\/jablka\/\"]}]},{\"@type\":\"BreadcrumbList\",\"@id\":\"https:\/\/www.fruitloonbedrijf-rensen.nl\/pl\/jablka\/#breadcrumb\",\"itemListElement\":[{\"@type\":\"ListItem\",\"position\":1,\"name\":\"Home\",\"item\":\"https:\/\/www.fruitloonbedrijf-rensen.nl\/pl\/\"},{\"@type\":\"ListItem\",\"position\":2,\"name\":\"Jab\u0142ka\"}]},{\"@type\":\"WebSite\",\"@id\":\"https:\/\/www.fruitloonbedrijf-rensen.nl\/pl\/#website\",\"url\":\"https:\/\/www.fruitloonbedrijf-rensen.nl\/pl\/\",\"name\":\"Rensen Fruit- en Loonbedrijf\",\"description\":\"Rensen Fruit- en Loonbedrijf\",\"potentialAction\":[{\"@type\":\"SearchAction\",\"target\":{\"@type\":\"EntryPoint\",\"urlTemplate\":\"https:\/\/www.fruitloonbedrijf-rensen.nl\/pl\/?s={search_term_string}\"},\"query-input\":{\"@type\":\"PropertyValueSpecification\",\"valueRequired\":true,\"valueName\":\"search_term_string\"}}],\"inLanguage\":\"pl-PL\"}]}<\/script>\n<!-- \/ Yoast SEO plugin. -->","yoast_head_json":{"title":"Jab\u0142ka | Rensen Fruit- en Loonbedrijf","robots":{"index":"index","follow":"follow","max-snippet":"max-snippet:-1","max-image-preview":"max-image-preview:large","max-video-preview":"max-video-preview:-1"},"canonical":"https:\/\/www.fruitloonbedrijf-rensen.nl\/pl\/jablka\/","og_locale":"pl_PL","og_type":"article","og_title":"Jab\u0142ka | Rensen Fruit- en Loonbedrijf","og_description":"[vc_row content_placement=&#8221;middle&#8221;][vc_column width=&#8221;1\/2&#8243;][vc_column_text css=&#8221;&#8221;] Jab\u0142ka: Elstar i Jonagold Uprawiamy jab\u0142ka z pasj\u0105 i fachowo\u015bci\u0105 w naszych sadach w sercu Betuwe. \u017byzna gleba rzeczna w tym regionie stanowi idealne pod\u0142o\u017ce do rozwoju smacznych i j\u0119drnych jab\u0142ek. Nasza uprawa jab\u0142ek jest ca\u0142kowicie w naszym zarz\u0105dzie \u2013 od sadzenia i ci\u0119cia po zbi\u00f3r i przechowywanie \u2013 co pozwala [&hellip;]","og_url":"https:\/\/www.fruitloonbedrijf-rensen.nl\/pl\/jablka\/","og_site_name":"Rensen Fruit- en Loonbedrijf","article_modified_time":"2025-06-13T12:47:21+00:00","twitter_card":"summary_large_image","twitter_misc":{"Szacowany czas czytania":"1 minuta"},"schema":{"@context":"https:\/\/schema.org","@graph":[{"@type":"WebPage","@id":"https:\/\/www.fruitloonbedrijf-rensen.nl\/pl\/jablka\/","url":"https:\/\/www.fruitloonbedrijf-rensen.nl\/pl\/jablka\/","name":"Jab\u0142ka | Rensen Fruit- en Loonbedrijf","isPartOf":{"@id":"https:\/\/www.fruitloonbedrijf-rensen.nl\/pl\/#website"},"datePublished":"2025-03-07T09:17:43+00:00","dateModified":"2025-06-13T12:47:21+00:00","breadcrumb":{"@id":"https:\/\/www.fruitloonbedrijf-rensen.nl\/pl\/jablka\/#breadcrumb"},"inLanguage":"pl-PL","potentialAction":[{"@type":"ReadAction","target":["https:\/\/www.fruitloonbedrijf-rensen.nl\/pl\/jablka\/"]}]},{"@type":"BreadcrumbList","@id":"https:\/\/www.fruitloonbedrijf-rensen.nl\/pl\/jablka\/#breadcrumb","itemListElement":[{"@type":"ListItem","position":1,"name":"Home","item":"https:\/\/www.fruitloonbedrijf-rensen.nl\/pl\/"},{"@type":"ListItem","position":2,"name":"Jab\u0142ka"}]},{"@type":"WebSite","@id":"https:\/\/www.fruitloonbedrijf-rensen.nl\/pl\/#website","url":"https:\/\/www.fruitloonbedrijf-rensen.nl\/pl\/","name":"Rensen Fruit- en Loonbedrijf","description":"Rensen Fruit- en Loonbedrijf","potentialAction":[{"@type":"SearchAction","target":{"@type":"EntryPoint","urlTemplate":"https:\/\/www.fruitloonbedrijf-rensen.nl\/pl\/?s={search_term_string}"},"query-input":{"@type":"PropertyValueSpecification","valueRequired":true,"valueName":"search_term_string"}}],"inLanguage":"pl-PL"}]}},"_links":{"self":[{"href":"https:\/\/www.fruitloonbedrijf-rensen.nl\/pl\/wp-json\/wp\/v2\/pages\/1100","targetHints":{"allow":["GET"]}}],"collection":[{"href":"https:\/\/www.fruitloonbedrijf-rensen.nl\/pl\/wp-json\/wp\/v2\/pages"}],"about":[{"href":"https:\/\/www.fruitloonbedrijf-rensen.nl\/pl\/wp-json\/wp\/v2\/types\/page"}],"author":[{"embeddable":true,"href":"https:\/\/www.fruitloonbedrijf-rensen.nl\/pl\/wp-json\/wp\/v2\/users\/1"}],"replies":[{"embeddable":true,"href":"https:\/\/www.fruitloonbedrijf-rensen.nl\/pl\/wp-json\/wp\/v2\/comments?post=1100"}],"version-history":[{"count":5,"href":"https:\/\/www.fruitloonbedrijf-rensen.nl\/pl\/wp-json\/wp\/v2\/pages\/1100\/revisions"}],"predecessor-version":[{"id":1528,"href":"https:\/\/www.fruitloonbedrijf-rensen.nl\/pl\/wp-json\/wp\/v2\/pages\/1100\/revisions\/1528"}],"wp:attachment":[{"href":"https:\/\/www.fruitloonbedrijf-rensen.nl\/pl\/wp-json\/wp\/v2\/media?parent=1100"}],"curies":[{"name":"wp","href":"https:\/\/api.w.org\/{rel}","templated":true}]}}