{"id":1038,"date":"2022-03-17T09:57:03","date_gmt":"2022-03-17T09:57:03","guid":{"rendered":"https:\/\/www.fruitloonbedrijf-rensen.nl\/strona-glowna\/"},"modified":"2025-06-24T07:42:13","modified_gmt":"2025-06-24T07:42:13","slug":"strona-glowna","status":"publish","type":"page","link":"https:\/\/www.fruitloonbedrijf-rensen.nl\/pl\/","title":{"rendered":"Strona g\u0142\u00f3wna"},"content":{"rendered":"<div class=\"wpb-content-wrapper\"><p>[vc_row full_width=&#8221;stretch_row_content_no_spaces&#8221; css=&#8221;.vc_custom_1654674160182{margin-bottom: 35px !important;}&#8221;][vc_column]<div class='vso_slider layout_1'><div id='carouselExampleDark' class='carousel carousel-dark slide' data-bs-ride='carousel'><div class='carousel-inner'><div class='carousel-item active' data-bs-interval='5000'><img src='https:\/\/www.fruitloonbedrijf-rensen.nl\/wp-content\/uploads\/2022\/06\/slider-1-scaled.jpg' class='d-none d-md-block w-100' alt='Rensen Gospodarstwo Owocowe i Us\u0142ugi Rolnicze'><img src='https:\/\/www.fruitloonbedrijf-rensen.nl\/wp-content\/uploads\/2022\/06\/slider-1-scaled.jpg' class='d-block d-md-none w-100' alt='Rensen Gospodarstwo Owocowe i Us\u0142ugi Rolnicze'><div class='container'><div class='slider-content'><h2 class='title d-none d-sm-block'>Rensen Gospodarstwo Owocowe i Us\u0142ugi Rolnicze<\/h2><h3 class='subtitle d-none d-sm-block'>Jeste\u015bmy firm\u0105 rodzinn\u0105 w sercu Betuwe, specjalizuj\u0105c\u0105 si\u0119 w uprawie owoc\u00f3w i us\u0142ugach rolniczych.<\/h3><p class='d-none d-sm-inline-block'><a class='button--primary' href='\/pl\/kontakt'>kontakt<\/a><\/p><p class='second-button d-none d-sm-inline-block'><a class='button--primary' href='\/pl\/oferty-pracy'>Oferty pracy<\/a><\/p><\/div><\/div><\/div><\/div><\/div><\/div>[\/vc_column][\/vc_row][vc_row][vc_column width=&#8221;1\/3&#8243;]<div class='wpb_content_element vso_intro_block'><div class='vc_single_image-img image_intro_block'><img class='vc_single_image-img image_intro_block_img' src='https:\/\/www.fruitloonbedrijf-rensen.nl\/wp-content\/uploads\/2025\/03\/fruitbedrijf-1024x683.jpg' alt=''><\/div><div class='content_intro_block'><h3 class='title mb-4'>Gospodarstwo Owocowe<\/h3><p class='text_below_title vso_match'>W sercu Betuwe, pomi\u0119dzy rzekami Waal i Ren, znajduje si\u0119 nasze gospodarstwo. Posiadamy oko\u0142o 20 hektar\u00f3w \u017cyznej gleby rzecznej, na kt\u00f3rej z pasj\u0105 uprawiamy jab\u0142ka, gruszki i wi\u015bnie.<\/p><div class='button_intro_block centered'><span class='button button--primary'>Wi\u0119cej informacji<\/span><\/div><\/div><a href='\/pl\/gospodarstwo-owocowe'  class='full-link'><\/a><\/div>[\/vc_column][vc_column width=&#8221;1\/3&#8243;]<div class='wpb_content_element vso_intro_block'><div class='vc_single_image-img image_intro_block'><img class='vc_single_image-img image_intro_block_img' src='https:\/\/www.fruitloonbedrijf-rensen.nl\/wp-content\/uploads\/2025\/03\/loonwerk-1024x683.jpg' alt=''><\/div><div class='content_intro_block'><h3 class='title mb-4'>Us\u0142ugi dla rolnictwa<\/h3><p class='text_below_title vso_match'>Oferujemy specjalistyczne us\u0142ugi rolnicze dla sektora owocowego. Dzi\u0119ki nowoczesnym maszynom i do\u015bwiadczonemu personelowi wspieramy rolnik\u00f3w w r\u00f3\u017cnych pracach, od ochrony ro\u015blin po nawo\u017cenie.<\/p><div class='button_intro_block centered'><span class='button button--primary'>Wi\u0119cej informacji<\/span><\/div><\/div><a href='\/pl\/uslugi-dla-rolnictwa'  class='full-link'><\/a><\/div>[\/vc_column][vc_column width=&#8221;1\/3&#8243;]<div class='wpb_content_element vso_intro_block'><div class='vc_single_image-img image_intro_block'><img class='vc_single_image-img image_intro_block_img' src='https:\/\/www.fruitloonbedrijf-rensen.nl\/wp-content\/uploads\/2025\/06\/vacatures-rensen-1024x858.jpg' alt=''><\/div><div class='content_intro_block'><h3 class='title mb-4'>Oferty pracy<\/h3><p class='text_below_title vso_match'>Oferujemy r\u00f3\u017cne sezonowe stanowiska w uprawie owoc\u00f3w, takie jak zbi\u00f3r wi\u015bni i gruszek, prace przy przerzedzaniu i ci\u0119ciu. Stanowiska te s\u0105 idealne dla os\u00f3b szukaj\u0105cych tymczasowej pracy w sektorze owocowym.<\/p><div class='button_intro_block centered'><span class='button button--primary'>Wi\u0119cej informacji<\/span><\/div><\/div><a href='\/pl\/oferty-pracy'  class='full-link'><\/a><\/div>[\/vc_column][\/vc_row][vc_row content_placement=&#8221;middle&#8221;][vc_column width=&#8221;1\/2&#8243;][vc_column_text css=&#8221;&#8221;]<\/p>\n<h2 class=\"title d-none d-sm-block\">Rensen Gospodarstwo Owocowe i Us\u0142ugi Rolnicze<\/h2>\n<p>Rensen \u2013 Gospodarstwo Sadownicze i Us\u0142ugi Rolnicze to firma rodzinna zlokalizowana w sercu Betuwe, specjalizuj\u0105ca si\u0119 w uprawie owoc\u00f3w i us\u0142ugach rolniczych. Na oko\u0142o 20 hektarach \u017cyznej gleby aluwialnej z trosk\u0105 uprawiamy jab\u0142ka, gruszki i czere\u015bnie. Oferujemy r\u00f3wnie\u017c profesjonalne us\u0142ugi dla sadownik\u00f3w, takie jak ochrona ro\u015blin i nawo\u017cenie, realizowane nowoczesnymi maszynami przez wykwalifikowany personel. Jako\u015b\u0107, zr\u00f3wnowa\u017cony rozw\u00f3j i fachowo\u015b\u0107 s\u0105 dla nas najwa\u017cniejsze. Dzi\u0119ki wieloletniemu do\u015bwiadczeniu i pasji do zawodu wspieramy innych sadownik\u00f3w na ka\u017cdym etapie procesu uprawy. Rensen to niezawodny partner zar\u00f3wno w produkcji owoc\u00f3w, jak i w \u015bwiadczeniu us\u0142ug rolniczych. Poznaj nasz\u0105 pasj\u0119 do owoc\u00f3w i profesjonalnych us\u0142ug rolniczych.[\/vc_column_text]<div class='wpb_content_element' align=''><a class='button button--primary'  href='\/pl\/o-nas'>Czytaj wi\u0119cej<\/a><\/div>[\/vc_column][vc_column width=&#8221;1\/2&#8243;][vc_single_image image=&#8221;753&#8243; img_size=&#8221;large&#8221; alignment=&#8221;center&#8221; style=&#8221;vc_box_rounded&#8221; css_animation=&#8221;zoomIn&#8221; css=&#8221;.vc_custom_1741774020041{margin-right: 0px !important;margin-left: 0px !important;background-position: center !important;background-repeat: no-repeat !important;background-size: cover !important;}&#8221;][\/vc_column][\/vc_row]<\/p>\n<\/div>","protected":false},"excerpt":{"rendered":"<p>[vc_row full_width=&#8221;stretch_row_content_no_spaces&#8221; css=&#8221;.vc_custom_1654674160182{margin-bottom: 35px !important;}&#8221;][vc_column][\/vc_column][\/vc_row][vc_row][vc_column width=&#8221;1\/3&#8243;][\/vc_column][vc_column width=&#8221;1\/3&#8243;][\/vc_column][vc_column width=&#8221;1\/3&#8243;][\/vc_column][\/vc_row][vc_row content_placement=&#8221;middle&#8221;][vc_column width=&#8221;1\/2&#8243;][vc_column_text css=&#8221;&#8221;] Rensen Gospodarstwo Owocowe i Us\u0142ugi Rolnicze Rensen \u2013 Gospodarstwo Sadownicze i Us\u0142ugi Rolnicze to firma rodzinna zlokalizowana w sercu Betuwe, specjalizuj\u0105ca si\u0119 w uprawie owoc\u00f3w i us\u0142ugach rolniczych. Na oko\u0142o 20 hektarach \u017cyznej gleby aluwialnej z trosk\u0105 uprawiamy jab\u0142ka, gruszki i czere\u015bnie. Oferujemy r\u00f3wnie\u017c [&hellip;]<\/p>\n","protected":false},"author":1,"featured_media":0,"parent":0,"menu_order":0,"comment_status":"closed","ping_status":"closed","template":"","meta":{"_acf_changed":false,"footnotes":""},"class_list":["post-1038","page","type-page","status-publish","hentry"],"acf":[],"yoast_head":"<!-- This site is optimized with the Yoast SEO plugin v25.3 - https:\/\/yoast.com\/wordpress\/plugins\/seo\/ -->\n<title>Rensen Owoce | Praca: zbiory, ci\u0119cie, rolnictwo<\/title>\n<meta name=\"description\" content=\"Jeste\u015bmy firm\u0105 rodzinn\u0105 w sercu Betuwe. Praca sezonowa: zbi\u00f3r, przerzedzanie, ci\u0119cie. Zapraszamy tak\u017ce osoby spoza Holandii.\" \/>\n<meta name=\"robots\" content=\"index, follow, max-snippet:-1, max-image-preview:large, max-video-preview:-1\" \/>\n<link rel=\"canonical\" href=\"https:\/\/www.fruitloonbedrijf-rensen.nl\/pl\/\" \/>\n<meta property=\"og:locale\" content=\"pl_PL\" \/>\n<meta property=\"og:type\" content=\"article\" \/>\n<meta property=\"og:title\" content=\"Rensen Owoce i Us\u0142ugi | Sadownictwo &amp; Us\u0142ugi Rolnicze Betuwe\" \/>\n<meta property=\"og:description\" content=\"Rodzinna firma w Betuwe: jab\u0142ka, gruszki, czere\u015bnie i us\u0142ugi rolnicze. Zr\u00f3wnowa\u017cenie, fachowo\u015b\u0107 i pasja do zawodu.\" \/>\n<meta property=\"og:url\" content=\"https:\/\/www.fruitloonbedrijf-rensen.nl\/pl\/\" \/>\n<meta property=\"og:site_name\" content=\"Rensen Fruit- en Loonbedrijf\" \/>\n<meta property=\"article:modified_time\" content=\"2025-06-24T07:42:13+00:00\" \/>\n<meta property=\"og:image\" content=\"https:\/\/www.fruitloonbedrijf-rensen.nl\/wp-content\/uploads\/2025\/03\/site-logo.png\" \/>\n\t<meta property=\"og:image:width\" content=\"600\" \/>\n\t<meta property=\"og:image:height\" content=\"600\" \/>\n\t<meta property=\"og:image:type\" content=\"image\/png\" \/>\n<meta name=\"twitter:card\" content=\"summary_large_image\" \/>\n<meta name=\"twitter:title\" content=\"Rensen Owoce i Us\u0142ugi | Sadownictwo &amp; Us\u0142ugi Rolnicze Betuwe\" \/>\n<meta name=\"twitter:description\" content=\"Rodzinna firma w Betuwe: jab\u0142ka, gruszki, czere\u015bnie i us\u0142ugi rolnicze. Zr\u00f3wnowa\u017cenie, fachowo\u015b\u0107 i pasja do zawodu.\" \/>\n<meta name=\"twitter:image\" content=\"https:\/\/www.fruitloonbedrijf-rensen.nl\/wp-content\/uploads\/2025\/03\/site-logo.png\" \/>\n<meta name=\"twitter:label1\" content=\"Szacowany czas czytania\" \/>\n\t<meta name=\"twitter:data1\" content=\"2 minuty\" \/>\n<script type=\"application\/ld+json\" class=\"yoast-schema-graph\">{\"@context\":\"https:\/\/schema.org\",\"@graph\":[{\"@type\":\"WebPage\",\"@id\":\"https:\/\/www.fruitloonbedrijf-rensen.nl\/pl\/\",\"url\":\"https:\/\/www.fruitloonbedrijf-rensen.nl\/pl\/\",\"name\":\"Rensen Owoce | Praca: zbiory, ci\u0119cie, rolnictwo\",\"isPartOf\":{\"@id\":\"https:\/\/www.fruitloonbedrijf-rensen.nl\/pl\/#website\"},\"datePublished\":\"2022-03-17T09:57:03+00:00\",\"dateModified\":\"2025-06-24T07:42:13+00:00\",\"description\":\"Jeste\u015bmy firm\u0105 rodzinn\u0105 w sercu Betuwe. Praca sezonowa: zbi\u00f3r, przerzedzanie, ci\u0119cie. Zapraszamy tak\u017ce osoby spoza Holandii.\",\"breadcrumb\":{\"@id\":\"https:\/\/www.fruitloonbedrijf-rensen.nl\/pl\/#breadcrumb\"},\"inLanguage\":\"pl-PL\",\"potentialAction\":[{\"@type\":\"ReadAction\",\"target\":[\"https:\/\/www.fruitloonbedrijf-rensen.nl\/pl\/\"]}]},{\"@type\":\"BreadcrumbList\",\"@id\":\"https:\/\/www.fruitloonbedrijf-rensen.nl\/pl\/#breadcrumb\",\"itemListElement\":[{\"@type\":\"ListItem\",\"position\":1,\"name\":\"Home\",\"item\":\"https:\/\/www.fruitloonbedrijf-rensen.nl\/pl\/\"},{\"@type\":\"ListItem\",\"position\":2,\"name\":\"Strona g\u0142\u00f3wna\"}]},{\"@type\":\"WebSite\",\"@id\":\"https:\/\/www.fruitloonbedrijf-rensen.nl\/pl\/#website\",\"url\":\"https:\/\/www.fruitloonbedrijf-rensen.nl\/pl\/\",\"name\":\"Rensen Fruit- en Loonbedrijf\",\"description\":\"Rensen Fruit- en Loonbedrijf\",\"potentialAction\":[{\"@type\":\"SearchAction\",\"target\":{\"@type\":\"EntryPoint\",\"urlTemplate\":\"https:\/\/www.fruitloonbedrijf-rensen.nl\/pl\/?s={search_term_string}\"},\"query-input\":{\"@type\":\"PropertyValueSpecification\",\"valueRequired\":true,\"valueName\":\"search_term_string\"}}],\"inLanguage\":\"pl-PL\"}]}<\/script>\n<!-- \/ Yoast SEO plugin. -->","yoast_head_json":{"title":"Rensen Owoce | Praca: zbiory, ci\u0119cie, rolnictwo","description":"Jeste\u015bmy firm\u0105 rodzinn\u0105 w sercu Betuwe. Praca sezonowa: zbi\u00f3r, przerzedzanie, ci\u0119cie. Zapraszamy tak\u017ce osoby spoza Holandii.","robots":{"index":"index","follow":"follow","max-snippet":"max-snippet:-1","max-image-preview":"max-image-preview:large","max-video-preview":"max-video-preview:-1"},"canonical":"https:\/\/www.fruitloonbedrijf-rensen.nl\/pl\/","og_locale":"pl_PL","og_type":"article","og_title":"Rensen Owoce i Us\u0142ugi | Sadownictwo & Us\u0142ugi Rolnicze Betuwe","og_description":"Rodzinna firma w Betuwe: jab\u0142ka, gruszki, czere\u015bnie i us\u0142ugi rolnicze. Zr\u00f3wnowa\u017cenie, fachowo\u015b\u0107 i pasja do zawodu.","og_url":"https:\/\/www.fruitloonbedrijf-rensen.nl\/pl\/","og_site_name":"Rensen Fruit- en Loonbedrijf","article_modified_time":"2025-06-24T07:42:13+00:00","og_image":[{"width":600,"height":600,"url":"https:\/\/www.fruitloonbedrijf-rensen.nl\/wp-content\/uploads\/2025\/03\/site-logo.png","type":"image\/png"}],"twitter_card":"summary_large_image","twitter_title":"Rensen Owoce i Us\u0142ugi | Sadownictwo & Us\u0142ugi Rolnicze Betuwe","twitter_description":"Rodzinna firma w Betuwe: jab\u0142ka, gruszki, czere\u015bnie i us\u0142ugi rolnicze. Zr\u00f3wnowa\u017cenie, fachowo\u015b\u0107 i pasja do zawodu.","twitter_image":"https:\/\/www.fruitloonbedrijf-rensen.nl\/wp-content\/uploads\/2025\/03\/site-logo.png","twitter_misc":{"Szacowany czas czytania":"2 minuty"},"schema":{"@context":"https:\/\/schema.org","@graph":[{"@type":"WebPage","@id":"https:\/\/www.fruitloonbedrijf-rensen.nl\/pl\/","url":"https:\/\/www.fruitloonbedrijf-rensen.nl\/pl\/","name":"Rensen Owoce | Praca: zbiory, ci\u0119cie, rolnictwo","isPartOf":{"@id":"https:\/\/www.fruitloonbedrijf-rensen.nl\/pl\/#website"},"datePublished":"2022-03-17T09:57:03+00:00","dateModified":"2025-06-24T07:42:13+00:00","description":"Jeste\u015bmy firm\u0105 rodzinn\u0105 w sercu Betuwe. Praca sezonowa: zbi\u00f3r, przerzedzanie, ci\u0119cie. Zapraszamy tak\u017ce osoby spoza Holandii.","breadcrumb":{"@id":"https:\/\/www.fruitloonbedrijf-rensen.nl\/pl\/#breadcrumb"},"inLanguage":"pl-PL","potentialAction":[{"@type":"ReadAction","target":["https:\/\/www.fruitloonbedrijf-rensen.nl\/pl\/"]}]},{"@type":"BreadcrumbList","@id":"https:\/\/www.fruitloonbedrijf-rensen.nl\/pl\/#breadcrumb","itemListElement":[{"@type":"ListItem","position":1,"name":"Home","item":"https:\/\/www.fruitloonbedrijf-rensen.nl\/pl\/"},{"@type":"ListItem","position":2,"name":"Strona g\u0142\u00f3wna"}]},{"@type":"WebSite","@id":"https:\/\/www.fruitloonbedrijf-rensen.nl\/pl\/#website","url":"https:\/\/www.fruitloonbedrijf-rensen.nl\/pl\/","name":"Rensen Fruit- en Loonbedrijf","description":"Rensen Fruit- en Loonbedrijf","potentialAction":[{"@type":"SearchAction","target":{"@type":"EntryPoint","urlTemplate":"https:\/\/www.fruitloonbedrijf-rensen.nl\/pl\/?s={search_term_string}"},"query-input":{"@type":"PropertyValueSpecification","valueRequired":true,"valueName":"search_term_string"}}],"inLanguage":"pl-PL"}]}},"_links":{"self":[{"href":"https:\/\/www.fruitloonbedrijf-rensen.nl\/pl\/wp-json\/wp\/v2\/pages\/1038","targetHints":{"allow":["GET"]}}],"collection":[{"href":"https:\/\/www.fruitloonbedrijf-rensen.nl\/pl\/wp-json\/wp\/v2\/pages"}],"about":[{"href":"https:\/\/www.fruitloonbedrijf-rensen.nl\/pl\/wp-json\/wp\/v2\/types\/page"}],"author":[{"embeddable":true,"href":"https:\/\/www.fruitloonbedrijf-rensen.nl\/pl\/wp-json\/wp\/v2\/users\/1"}],"replies":[{"embeddable":true,"href":"https:\/\/www.fruitloonbedrijf-rensen.nl\/pl\/wp-json\/wp\/v2\/comments?post=1038"}],"version-history":[{"count":9,"href":"https:\/\/www.fruitloonbedrijf-rensen.nl\/pl\/wp-json\/wp\/v2\/pages\/1038\/revisions"}],"predecessor-version":[{"id":1576,"href":"https:\/\/www.fruitloonbedrijf-rensen.nl\/pl\/wp-json\/wp\/v2\/pages\/1038\/revisions\/1576"}],"wp:attachment":[{"href":"https:\/\/www.fruitloonbedrijf-rensen.nl\/pl\/wp-json\/wp\/v2\/media?parent=1038"}],"curies":[{"name":"wp","href":"https:\/\/api.w.org\/{rel}","templated":true}]}}