{"id":1142,"date":"2025-03-07T09:13:44","date_gmt":"2025-03-07T09:13:44","guid":{"rendered":"https:\/\/www.fruitloonbedrijf-rensen.nl\/faq-saisonarbeiter\/"},"modified":"2025-06-13T13:02:00","modified_gmt":"2025-06-13T13:02:00","slug":"faq-saisonarbeiter","status":"publish","type":"page","link":"https:\/\/www.fruitloonbedrijf-rensen.nl\/de\/faq-saisonarbeiter\/","title":{"rendered":"FAQ Saisonarbeiter"},"content":{"rendered":"<div class=\"wpb-content-wrapper\"><p>[vc_row][vc_column][vc_column_text css=&#8220;&#8220;]<\/p>\n<h2><strong>H\u00e4ufig gestellte Fragen<\/strong><\/h2>\n<p>[\/vc_column_text][\/vc_column][\/vc_row][vc_row][vc_column]\n        <div class=\"accordion mb-5\" id=\"accordionExample\">\n\n            <div class='accordion-item'><h2 class='accordion-header' id='heading1451'><button class='accordion-button' type='button' data-bs-toggle='collapse' data-bs-target='#collapse1451' aria-expanded='true' aria-controls='collapse1451'>Wer kann sich anmelden?<\/button><\/h2><div id='collapse1451' class='accordion-collapse collapse show' aria-labelledby='heading1451'data-bs-parent='#accordionExample'><div class='accordion-body'>Jeder, der an Saisonarbeit interessiert ist und 18 Jahre oder \u00e4lter ist, kann sich anmelden. Erfahrung ist nicht erforderlich, Begeisterung jedoch schon! <\/div><\/div><\/div><div class='accordion-item'><h2 class='accordion-header' id='heading1452'><button class='accordion-button collapsed' type='button' data-bs-toggle='collapse' data-bs-target='#collapse1452' aria-expanded='false' aria-controls='collapse1452'>Kann ich mich f\u00fcr mehrere Saisons anmelden?<\/button><\/h2><div id='collapse1452' class='accordion-collapse collapse' aria-labelledby='heading1452'data-bs-parent='#accordionExample'><div class='accordion-body'>Ja, du kannst dich f\u00fcr eine oder mehrere Saisons anmelden, abh\u00e4ngig von der Verf\u00fcgbarkeit und deinen W\u00fcnschen.<\/div><\/div><\/div><div class='accordion-item'><h2 class='accordion-header' id='heading1453'><button class='accordion-button collapsed' type='button' data-bs-toggle='collapse' data-bs-target='#collapse1453' aria-expanded='false' aria-controls='collapse1453'>Ab welchem Alter kann ich bei Rensen arbeiten?<\/button><\/h2><div id='collapse1453' class='accordion-collapse collapse' aria-labelledby='heading1453'data-bs-parent='#accordionExample'><div class='accordion-body'>Du musst mindestens 18 Jahre alt sein<\/div><\/div><\/div><div class='accordion-item'><h2 class='accordion-header' id='heading1454'><button class='accordion-button collapsed' type='button' data-bs-toggle='collapse' data-bs-target='#collapse1454' aria-expanded='false' aria-controls='collapse1454'>Muss ich selbst f\u00fcr die Anreise in die Niederlande sorgen?<\/button><\/h2><div id='collapse1454' class='accordion-collapse collapse' aria-labelledby='heading1454'data-bs-parent='#accordionExample'><div class='accordion-body'>Ja, in der Regel organisieren die Mitarbeitenden ihre eigene Anreise. Wir k\u00f6nnen dir jedoch Tipps zu m\u00f6glichen Reisem\u00f6glichkeiten geben.<\/div><\/div><\/div><div class='accordion-item'><h2 class='accordion-header' id='heading1455'><button class='accordion-button collapsed' type='button' data-bs-toggle='collapse' data-bs-target='#collapse1455' aria-expanded='false' aria-controls='collapse1455'>Wird Hilfe bei der Wohnungssuche angeboten?<\/button><\/h2><div id='collapse1455' class='accordion-collapse collapse' aria-labelledby='heading1455'data-bs-parent='#accordionExample'><div class='accordion-body'>Ja, wir helfen dir gerne bei der Suche nach einer geeigneten Unterkunft. Wir verf\u00fcgen \u00fcber ausreichend Schlafpl\u00e4tze.<\/div><\/div><\/div><div class='accordion-item'><h2 class='accordion-header' id='heading1456'><button class='accordion-button collapsed' type='button' data-bs-toggle='collapse' data-bs-target='#collapse1456' aria-expanded='false' aria-controls='collapse1456'>Wie l\u00e4uft das Verfahren nach meiner Anmeldung ab?<\/button><\/h2><div id='collapse1456' class='accordion-collapse collapse' aria-labelledby='heading1456'data-bs-parent='#accordionExample'><div class='accordion-body'>Nach deiner Anmeldung nehmen wir Kontakt mit dir auf, f\u00fchren ein Vorstellungsgespr\u00e4ch und besprechen die M\u00f6glichkeiten, Termine und praktische Details.<\/div><\/div><\/div><div class='accordion-item'><h2 class='accordion-header' id='heading1457'><button class='accordion-button collapsed' type='button' data-bs-toggle='collapse' data-bs-target='#collapse1457' aria-expanded='false' aria-controls='collapse1457'>Wie hoch ist der Lohn und wann wird er ausgezahlt?<\/button><\/h2><div id='collapse1457' class='accordion-collapse collapse' aria-labelledby='heading1457'data-bs-parent='#accordionExample'><div class='accordion-body'>Der Lohn h\u00e4ngt von den ausgef\u00fchrten Arbeiten und der Anzahl der Stunden ab. Die Auszahlung erfolgt monatlich per Bank\u00fcberweisung.<\/div><\/div><\/div><div class='accordion-item'><h2 class='accordion-header' id='heading1458'><button class='accordion-button collapsed' type='button' data-bs-toggle='collapse' data-bs-target='#collapse1458' aria-expanded='false' aria-controls='collapse1458'>Welche Arbeitszeiten kann ich erwarten?<\/button><\/h2><div id='collapse1458' class='accordion-collapse collapse' aria-labelledby='heading1458'data-bs-parent='#accordionExample'><div class='accordion-body'>Die Arbeitstage sind meist von Montag bis Freitag. In arbeitsreichen Zeiten wird auch am Wochenende gearbeitet (samstags meist halbtags, in Ausnahmef\u00e4llen ganztags).<\/div><\/div><\/div><div class='accordion-item'><h2 class='accordion-header' id='heading1459'><button class='accordion-button collapsed' type='button' data-bs-toggle='collapse' data-bs-target='#collapse1459' aria-expanded='false' aria-controls='collapse1459'>Gibt es einen Arbeitsvertrag?<\/button><\/h2><div id='collapse1459' class='accordion-collapse collapse' aria-labelledby='heading1459'data-bs-parent='#accordionExample'><div class='accordion-body'>Ja, du erh\u00e4ltst immer einen Arbeitsvertrag, in dem alle Vereinbarungen klar festgelegt sind.<\/div><\/div><\/div><div class='accordion-item'><h2 class='accordion-header' id='heading1461'><button class='accordion-button collapsed' type='button' data-bs-toggle='collapse' data-bs-target='#collapse1461' aria-expanded='false' aria-controls='collapse1461'>Muss ich eigenes Werkzeug oder Kleidung mitbringen?<\/button><\/h2><div id='collapse1461' class='accordion-collapse collapse' aria-labelledby='heading1461'data-bs-parent='#accordionExample'><div class='accordion-body'>Nein, wir stellen das ben\u00f6tigte Werkzeug sowie passende Arbeits- oder Schutzkleidung zur Verf\u00fcgung \u2013 einschlie\u00dflich Regenkleidung und Sicherheitsschuhe mit Stahlkappe. <\/div><\/div><\/div><div class='accordion-item'><h2 class='accordion-header' id='heading1460'><button class='accordion-button collapsed' type='button' data-bs-toggle='collapse' data-bs-target='#collapse1460' aria-expanded='false' aria-controls='collapse1460'>Gibt es Betreuung oder jemanden, der Polnisch spricht?<\/button><\/h2><div id='collapse1460' class='accordion-collapse collapse' aria-labelledby='heading1460'data-bs-parent='#accordionExample'><div class='accordion-body'>Ja, wir haben Mitarbeitende, die Polnisch sprechen und dir w\u00e4hrend der Arbeit helfen k\u00f6nnen.<\/div><\/div><\/div><div class='accordion-item'><h2 class='accordion-header' id='heading1462'><button class='accordion-button collapsed' type='button' data-bs-toggle='collapse' data-bs-target='#collapse1462' aria-expanded='false' aria-controls='collapse1462'>Wie sieht es mit Versicherungen und Sicherheit aus?<\/button><\/h2><div id='collapse1462' class='accordion-collapse collapse' aria-labelledby='heading1462'data-bs-parent='#accordionExample'><div class='accordion-body'>Du bist w\u00e4hrend der Arbeit versichert, und wir sorgen f\u00fcr ein sicheres Arbeitsumfeld gem\u00e4\u00df den geltenden Vorschriften.<\/div><\/div><\/div><div class='accordion-item'><h2 class='accordion-header' id='heading1463'><button class='accordion-button collapsed' type='button' data-bs-toggle='collapse' data-bs-target='#collapse1463' aria-expanded='false' aria-controls='collapse1463'>Kann ich meine Familie mitbringen?<\/button><\/h2><div id='collapse1463' class='accordion-collapse collapse' aria-labelledby='heading1463'data-bs-parent='#accordionExample'><div class='accordion-body'>Ja, das ist m\u00f6glich. Bitte gib dies im Anmeldeformular an. <\/div><\/div><\/div><div class='accordion-item'><h2 class='accordion-header' id='heading1464'><button class='accordion-button collapsed' type='button' data-bs-toggle='collapse' data-bs-target='#collapse1464' aria-expanded='false' aria-controls='collapse1464'>Kann ich nach der Saison weiterarbeiten oder im n\u00e4chsten Jahr zur\u00fcckkommen?<\/button><\/h2><div id='collapse1464' class='accordion-collapse collapse' aria-labelledby='heading1464'data-bs-parent='#accordionExample'><div class='accordion-body'>Ja, einige unserer Saisonarbeiter kommen jedes Jahr zur\u00fcck oder arbeiten an anderen Projekten weiter.<\/div><\/div><\/div>\n        <\/div>\n\n        [\/vc_column][\/vc_row]<\/p>\n<\/div>","protected":false},"excerpt":{"rendered":"<p>[vc_row][vc_column][vc_column_text css=&#8220;&#8220;] H\u00e4ufig gestellte Fragen [\/vc_column_text][\/vc_column][\/vc_row][vc_row][vc_column][\/vc_column][\/vc_row]<\/p>\n","protected":false},"author":1,"featured_media":0,"parent":0,"menu_order":0,"comment_status":"closed","ping_status":"closed","template":"","meta":{"_acf_changed":false,"footnotes":""},"class_list":["post-1142","page","type-page","status-publish","hentry"],"acf":[],"yoast_head":"<!-- This site is optimized with the Yoast SEO plugin v25.3 - https:\/\/yoast.com\/wordpress\/plugins\/seo\/ -->\n<title>FAQ Saisonarbeiter | Rensen Fruit- en Loonbedrijf<\/title>\n<meta name=\"robots\" content=\"index, follow, max-snippet:-1, max-image-preview:large, max-video-preview:-1\" \/>\n<link rel=\"canonical\" href=\"https:\/\/www.fruitloonbedrijf-rensen.nl\/de\/faq-saisonarbeiter\/\" \/>\n<meta property=\"og:locale\" content=\"de_DE\" \/>\n<meta property=\"og:type\" content=\"article\" \/>\n<meta property=\"og:title\" content=\"FAQ Saisonarbeiter | Rensen Fruit- en Loonbedrijf\" \/>\n<meta property=\"og:description\" content=\"[vc_row][vc_column][vc_column_text css=&#8220;&#8220;] H\u00e4ufig gestellte Fragen [\/vc_column_text][\/vc_column][\/vc_row][vc_row][vc_column][\/vc_column][\/vc_row]\" \/>\n<meta property=\"og:url\" content=\"https:\/\/www.fruitloonbedrijf-rensen.nl\/de\/faq-saisonarbeiter\/\" \/>\n<meta property=\"og:site_name\" content=\"Rensen Fruit- en Loonbedrijf\" \/>\n<meta property=\"article:modified_time\" content=\"2025-06-13T13:02:00+00:00\" \/>\n<meta name=\"twitter:card\" content=\"summary_large_image\" \/>\n<meta name=\"twitter:label1\" content=\"Gesch\u00e4tzte Lesezeit\" \/>\n\t<meta name=\"twitter:data1\" content=\"1\u00a0Minute\" \/>\n<script type=\"application\/ld+json\" class=\"yoast-schema-graph\">{\"@context\":\"https:\/\/schema.org\",\"@graph\":[{\"@type\":\"WebPage\",\"@id\":\"https:\/\/www.fruitloonbedrijf-rensen.nl\/de\/faq-saisonarbeiter\/\",\"url\":\"https:\/\/www.fruitloonbedrijf-rensen.nl\/de\/faq-saisonarbeiter\/\",\"name\":\"FAQ Saisonarbeiter | Rensen Fruit- en Loonbedrijf\",\"isPartOf\":{\"@id\":\"https:\/\/www.fruitloonbedrijf-rensen.nl\/de\/#website\"},\"datePublished\":\"2025-03-07T09:13:44+00:00\",\"dateModified\":\"2025-06-13T13:02:00+00:00\",\"breadcrumb\":{\"@id\":\"https:\/\/www.fruitloonbedrijf-rensen.nl\/de\/faq-saisonarbeiter\/#breadcrumb\"},\"inLanguage\":\"de\",\"potentialAction\":[{\"@type\":\"ReadAction\",\"target\":[\"https:\/\/www.fruitloonbedrijf-rensen.nl\/de\/faq-saisonarbeiter\/\"]}]},{\"@type\":\"BreadcrumbList\",\"@id\":\"https:\/\/www.fruitloonbedrijf-rensen.nl\/de\/faq-saisonarbeiter\/#breadcrumb\",\"itemListElement\":[{\"@type\":\"ListItem\",\"position\":1,\"name\":\"Home\",\"item\":\"https:\/\/www.fruitloonbedrijf-rensen.nl\/de\/\"},{\"@type\":\"ListItem\",\"position\":2,\"name\":\"FAQ Saisonarbeiter\"}]},{\"@type\":\"WebSite\",\"@id\":\"https:\/\/www.fruitloonbedrijf-rensen.nl\/de\/#website\",\"url\":\"https:\/\/www.fruitloonbedrijf-rensen.nl\/de\/\",\"name\":\"Rensen Fruit- en Loonbedrijf\",\"description\":\"Rensen Fruit- en Loonbedrijf\",\"potentialAction\":[{\"@type\":\"SearchAction\",\"target\":{\"@type\":\"EntryPoint\",\"urlTemplate\":\"https:\/\/www.fruitloonbedrijf-rensen.nl\/de\/?s={search_term_string}\"},\"query-input\":{\"@type\":\"PropertyValueSpecification\",\"valueRequired\":true,\"valueName\":\"search_term_string\"}}],\"inLanguage\":\"de\"}]}<\/script>\n<!-- \/ Yoast SEO plugin. -->","yoast_head_json":{"title":"FAQ Saisonarbeiter | Rensen Fruit- en Loonbedrijf","robots":{"index":"index","follow":"follow","max-snippet":"max-snippet:-1","max-image-preview":"max-image-preview:large","max-video-preview":"max-video-preview:-1"},"canonical":"https:\/\/www.fruitloonbedrijf-rensen.nl\/de\/faq-saisonarbeiter\/","og_locale":"de_DE","og_type":"article","og_title":"FAQ Saisonarbeiter | Rensen Fruit- en Loonbedrijf","og_description":"[vc_row][vc_column][vc_column_text css=&#8220;&#8220;] H\u00e4ufig gestellte Fragen [\/vc_column_text][\/vc_column][\/vc_row][vc_row][vc_column][\/vc_column][\/vc_row]","og_url":"https:\/\/www.fruitloonbedrijf-rensen.nl\/de\/faq-saisonarbeiter\/","og_site_name":"Rensen Fruit- en Loonbedrijf","article_modified_time":"2025-06-13T13:02:00+00:00","twitter_card":"summary_large_image","twitter_misc":{"Gesch\u00e4tzte Lesezeit":"1\u00a0Minute"},"schema":{"@context":"https:\/\/schema.org","@graph":[{"@type":"WebPage","@id":"https:\/\/www.fruitloonbedrijf-rensen.nl\/de\/faq-saisonarbeiter\/","url":"https:\/\/www.fruitloonbedrijf-rensen.nl\/de\/faq-saisonarbeiter\/","name":"FAQ Saisonarbeiter | Rensen Fruit- en Loonbedrijf","isPartOf":{"@id":"https:\/\/www.fruitloonbedrijf-rensen.nl\/de\/#website"},"datePublished":"2025-03-07T09:13:44+00:00","dateModified":"2025-06-13T13:02:00+00:00","breadcrumb":{"@id":"https:\/\/www.fruitloonbedrijf-rensen.nl\/de\/faq-saisonarbeiter\/#breadcrumb"},"inLanguage":"de","potentialAction":[{"@type":"ReadAction","target":["https:\/\/www.fruitloonbedrijf-rensen.nl\/de\/faq-saisonarbeiter\/"]}]},{"@type":"BreadcrumbList","@id":"https:\/\/www.fruitloonbedrijf-rensen.nl\/de\/faq-saisonarbeiter\/#breadcrumb","itemListElement":[{"@type":"ListItem","position":1,"name":"Home","item":"https:\/\/www.fruitloonbedrijf-rensen.nl\/de\/"},{"@type":"ListItem","position":2,"name":"FAQ Saisonarbeiter"}]},{"@type":"WebSite","@id":"https:\/\/www.fruitloonbedrijf-rensen.nl\/de\/#website","url":"https:\/\/www.fruitloonbedrijf-rensen.nl\/de\/","name":"Rensen Fruit- en Loonbedrijf","description":"Rensen Fruit- en Loonbedrijf","potentialAction":[{"@type":"SearchAction","target":{"@type":"EntryPoint","urlTemplate":"https:\/\/www.fruitloonbedrijf-rensen.nl\/de\/?s={search_term_string}"},"query-input":{"@type":"PropertyValueSpecification","valueRequired":true,"valueName":"search_term_string"}}],"inLanguage":"de"}]}},"_links":{"self":[{"href":"https:\/\/www.fruitloonbedrijf-rensen.nl\/de\/wp-json\/wp\/v2\/pages\/1142","targetHints":{"allow":["GET"]}}],"collection":[{"href":"https:\/\/www.fruitloonbedrijf-rensen.nl\/de\/wp-json\/wp\/v2\/pages"}],"about":[{"href":"https:\/\/www.fruitloonbedrijf-rensen.nl\/de\/wp-json\/wp\/v2\/types\/page"}],"author":[{"embeddable":true,"href":"https:\/\/www.fruitloonbedrijf-rensen.nl\/de\/wp-json\/wp\/v2\/users\/1"}],"replies":[{"embeddable":true,"href":"https:\/\/www.fruitloonbedrijf-rensen.nl\/de\/wp-json\/wp\/v2\/comments?post=1142"}],"version-history":[{"count":3,"href":"https:\/\/www.fruitloonbedrijf-rensen.nl\/de\/wp-json\/wp\/v2\/pages\/1142\/revisions"}],"predecessor-version":[{"id":1543,"href":"https:\/\/www.fruitloonbedrijf-rensen.nl\/de\/wp-json\/wp\/v2\/pages\/1142\/revisions\/1543"}],"wp:attachment":[{"href":"https:\/\/www.fruitloonbedrijf-rensen.nl\/de\/wp-json\/wp\/v2\/media?parent=1142"}],"curies":[{"name":"wp","href":"https:\/\/api.w.org\/{rel}","templated":true}]}}