{"id":1116,"date":"2025-03-07T09:19:55","date_gmt":"2025-03-07T09:19:55","guid":{"rendered":"https:\/\/www.fruitloonbedrijf-rensen.nl\/obstfarm\/"},"modified":"2025-06-13T10:13:27","modified_gmt":"2025-06-13T10:13:27","slug":"obstbetrieb","status":"publish","type":"page","link":"https:\/\/www.fruitloonbedrijf-rensen.nl\/de\/obstbetrieb\/","title":{"rendered":"Obstbetrieb"},"content":{"rendered":"<div class=\"wpb-content-wrapper\"><p>[vc_row content_placement=&#8220;middle&#8220;][vc_column width=&#8220;1\/2&#8243;][vc_column_text css=&#8220;&#8220;]<\/p>\n<h2><strong>Rensen Obst- und Lohnbetrieb<\/strong><\/h2>\n<p>Im Herzen der Betuwe, zwischen Waal und Rhein, liegt der Rensen Obst- und Lohnbetrieb. Hier, auf etwa 20 Hektar fruchtbarem Flusslehm, bauen wir mit Sorgfalt und Fachkenntnis unsere \u00c4pfel, Birnen und Kirschen an. Die Betuwe ist nicht ohne Grund als das Obstgebiet der Niederlande bekannt \u2013 und bei Rensen machen wir diesem Namen t\u00e4glich alle Ehre. Mittlerweile steht die 5. Generation am Steuer.[\/vc_column_text]<div class='wpb_content_element' align=''><a class='button button--primary'  href='\/de\/stellenangebote'>Stellenangebote<\/a><\/div>[\/vc_column][vc_column width=&#8220;1\/2&#8243;][vc_single_image image=&#8220;746&#8243; img_size=&#8220;large&#8220; alignment=&#8220;center&#8220; style=&#8220;vc_box_rounded&#8220; css_animation=&#8220;zoomIn&#8220; css=&#8220;&#8220;][\/vc_column][\/vc_row][vc_row][vc_column][vc_empty_space][\/vc_column][\/vc_row][vc_row full_width=&#8220;stretch_row&#8220; css=&#8220;.vc_custom_1747728440596{background-color: #0E66340D !important;}&#8220;][vc_column][vc_column_text css=&#8220;&#8220;]<\/p>\n<h2 style=\"text-align: center;\"><strong>Eigene Ernte, eigene Qualit\u00e4t<\/strong><\/h2>\n<p style=\"text-align: center;\">Unser Obstbau ist vollst\u00e4ndig in eigener Hand. Das bedeutet: Alles, was wir liefern, kommt direkt von unseren eigenen B\u00e4umen. So garantieren wir konstante Qualit\u00e4t, optimale Frische und kurze Wege zwischen Erzeuger und Abnehmer. Wir liefern ohne Zwischenh\u00e4ndler: direkt an Marktst\u00e4nde, Gesch\u00e4fte und kleine Distributoren in den Niederlanden und weit dar\u00fcber hinaus. Besonders in Deutschland und Frankreich sch\u00e4tzen Abnehmer unsere Produkte.<\/p>\n<p>[\/vc_column_text][\/vc_column][\/vc_row][vc_row][vc_column][vc_empty_space][\/vc_column][\/vc_row][vc_row content_placement=&#8220;middle&#8220;][vc_column width=&#8220;1\/2&#8243;][vc_single_image image=&#8220;1024&#8243; img_size=&#8220;large&#8220; alignment=&#8220;center&#8220; style=&#8220;vc_box_rounded&#8220; css_animation=&#8220;zoomIn&#8220; css=&#8220;&#8220;][\/vc_column][vc_column width=&#8220;1\/2&#8243;][vc_column_text css=&#8220;&#8220;]<\/p>\n<h3><strong>Unsere Obstsorten<\/strong><\/h3>\n<p><strong>\u2022 \u00c4pfel: Wellant<br \/>\n\u2022 Birnen: Conference und Lucassen<br \/>\n\u2022 Kirschen: Kordia und Regina<\/strong><\/p>\n<p>Unsere Kirschen werden unter Folienabdeckungen angebaut und mit Suzukinetzen gesch\u00fctzt \u2013 ein Ansatz, der f\u00fcr hochwertige, schadensfreie Fr\u00fcchte sorgt. Zudem verf\u00fcgen wir \u00fcber eigene K\u00fchlkapazit\u00e4ten f\u00fcr Kernobst, sodass unsere \u00c4pfel und Birnen optimal f\u00fcr Lagerung und Transport aufbewahrt werden k\u00f6nnen.[\/vc_column_text][\/vc_column][\/vc_row][vc_row][vc_column][vc_empty_space][\/vc_column][\/vc_row][vc_row content_placement=&#8220;middle&#8220;][vc_column width=&#8220;1\/2&#8243;][vc_column_text css=&#8220;&#8220;]<\/p>\n<h3><strong>Kurze Lieferketten, frisches Obst<\/strong><\/h3>\n<p>Da wir alles selbst anbauen, lagern und direkt ausliefern, k\u00f6nnen wir unseren Kunden ein frischeres Produkt zu einem fairen Preis anbieten. Die meisten Abnehmer holen das Obst selbst bei uns ab, aber auf Wunsch \u00fcbernehmen wir auch die Lieferung. So bleibt die Kette kurz und der Kontakt pers\u00f6nlich.<\/p>\n<p>Rensen Obst- und Lohnbetrieb: reines Betuwe-Obst, mit Sorgfalt angebaut und mit Stolz geliefert.[\/vc_column_text]<div class='wpb_content_element' align=''><a class='button button--primary'  href='\/de\/kontakt\/'>Kontakt<\/a><\/div>[\/vc_column][vc_column width=&#8220;1\/2&#8243;][vc_single_image image=&#8220;958&#8243; img_size=&#8220;large&#8220; alignment=&#8220;center&#8220; style=&#8220;vc_box_rounded&#8220; css_animation=&#8220;zoomIn&#8220; css=&#8220;&#8220;][\/vc_column][\/vc_row]<\/p>\n<\/div>","protected":false},"excerpt":{"rendered":"<p>[vc_row content_placement=&#8220;middle&#8220;][vc_column width=&#8220;1\/2&#8243;][vc_column_text css=&#8220;&#8220;] Rensen Obst- und Lohnbetrieb Im Herzen der Betuwe, zwischen Waal und Rhein, liegt der Rensen Obst- und Lohnbetrieb. Hier, auf etwa 20 Hektar fruchtbarem Flusslehm, bauen wir mit Sorgfalt und Fachkenntnis unsere \u00c4pfel, Birnen und Kirschen an. Die Betuwe ist nicht ohne Grund als das Obstgebiet der Niederlande bekannt \u2013 und [&hellip;]<\/p>\n","protected":false},"author":1,"featured_media":0,"parent":0,"menu_order":0,"comment_status":"closed","ping_status":"closed","template":"","meta":{"_acf_changed":false,"footnotes":""},"class_list":["post-1116","page","type-page","status-publish","hentry"],"acf":[],"yoast_head":"<!-- This site is optimized with the Yoast SEO plugin v25.3 - https:\/\/yoast.com\/wordpress\/plugins\/seo\/ -->\n<title>Obstbetrieb | Rensen Fruit- en Loonbedrijf<\/title>\n<meta name=\"robots\" content=\"index, follow, max-snippet:-1, max-image-preview:large, max-video-preview:-1\" \/>\n<link rel=\"canonical\" href=\"https:\/\/www.fruitloonbedrijf-rensen.nl\/de\/obstbetrieb\/\" \/>\n<meta property=\"og:locale\" content=\"de_DE\" \/>\n<meta property=\"og:type\" content=\"article\" \/>\n<meta property=\"og:title\" content=\"Obstbetrieb | Rensen Fruit- en Loonbedrijf\" \/>\n<meta property=\"og:description\" content=\"[vc_row content_placement=&#8220;middle&#8220;][vc_column width=&#8220;1\/2&#8243;][vc_column_text css=&#8220;&#8220;] Rensen Obst- und Lohnbetrieb Im Herzen der Betuwe, zwischen Waal und Rhein, liegt der Rensen Obst- und Lohnbetrieb. Hier, auf etwa 20 Hektar fruchtbarem Flusslehm, bauen wir mit Sorgfalt und Fachkenntnis unsere \u00c4pfel, Birnen und Kirschen an. Die Betuwe ist nicht ohne Grund als das Obstgebiet der Niederlande bekannt \u2013 und [&hellip;]\" \/>\n<meta property=\"og:url\" content=\"https:\/\/www.fruitloonbedrijf-rensen.nl\/de\/obstbetrieb\/\" \/>\n<meta property=\"og:site_name\" content=\"Rensen Fruit- en Loonbedrijf\" \/>\n<meta property=\"article:modified_time\" content=\"2025-06-13T10:13:27+00:00\" \/>\n<meta name=\"twitter:card\" content=\"summary_large_image\" \/>\n<meta name=\"twitter:label1\" content=\"Gesch\u00e4tzte Lesezeit\" \/>\n\t<meta name=\"twitter:data1\" content=\"3\u00a0Minuten\" \/>\n<script type=\"application\/ld+json\" class=\"yoast-schema-graph\">{\"@context\":\"https:\/\/schema.org\",\"@graph\":[{\"@type\":\"WebPage\",\"@id\":\"https:\/\/www.fruitloonbedrijf-rensen.nl\/de\/obstbetrieb\/\",\"url\":\"https:\/\/www.fruitloonbedrijf-rensen.nl\/de\/obstbetrieb\/\",\"name\":\"Obstbetrieb | Rensen Fruit- en Loonbedrijf\",\"isPartOf\":{\"@id\":\"https:\/\/www.fruitloonbedrijf-rensen.nl\/de\/#website\"},\"datePublished\":\"2025-03-07T09:19:55+00:00\",\"dateModified\":\"2025-06-13T10:13:27+00:00\",\"breadcrumb\":{\"@id\":\"https:\/\/www.fruitloonbedrijf-rensen.nl\/de\/obstbetrieb\/#breadcrumb\"},\"inLanguage\":\"de\",\"potentialAction\":[{\"@type\":\"ReadAction\",\"target\":[\"https:\/\/www.fruitloonbedrijf-rensen.nl\/de\/obstbetrieb\/\"]}]},{\"@type\":\"BreadcrumbList\",\"@id\":\"https:\/\/www.fruitloonbedrijf-rensen.nl\/de\/obstbetrieb\/#breadcrumb\",\"itemListElement\":[{\"@type\":\"ListItem\",\"position\":1,\"name\":\"Home\",\"item\":\"https:\/\/www.fruitloonbedrijf-rensen.nl\/de\/\"},{\"@type\":\"ListItem\",\"position\":2,\"name\":\"Obstbetrieb\"}]},{\"@type\":\"WebSite\",\"@id\":\"https:\/\/www.fruitloonbedrijf-rensen.nl\/de\/#website\",\"url\":\"https:\/\/www.fruitloonbedrijf-rensen.nl\/de\/\",\"name\":\"Rensen Fruit- en Loonbedrijf\",\"description\":\"Rensen Fruit- en Loonbedrijf\",\"potentialAction\":[{\"@type\":\"SearchAction\",\"target\":{\"@type\":\"EntryPoint\",\"urlTemplate\":\"https:\/\/www.fruitloonbedrijf-rensen.nl\/de\/?s={search_term_string}\"},\"query-input\":{\"@type\":\"PropertyValueSpecification\",\"valueRequired\":true,\"valueName\":\"search_term_string\"}}],\"inLanguage\":\"de\"}]}<\/script>\n<!-- \/ Yoast SEO plugin. -->","yoast_head_json":{"title":"Obstbetrieb | Rensen Fruit- en Loonbedrijf","robots":{"index":"index","follow":"follow","max-snippet":"max-snippet:-1","max-image-preview":"max-image-preview:large","max-video-preview":"max-video-preview:-1"},"canonical":"https:\/\/www.fruitloonbedrijf-rensen.nl\/de\/obstbetrieb\/","og_locale":"de_DE","og_type":"article","og_title":"Obstbetrieb | Rensen Fruit- en Loonbedrijf","og_description":"[vc_row content_placement=&#8220;middle&#8220;][vc_column width=&#8220;1\/2&#8243;][vc_column_text css=&#8220;&#8220;] Rensen Obst- und Lohnbetrieb Im Herzen der Betuwe, zwischen Waal und Rhein, liegt der Rensen Obst- und Lohnbetrieb. Hier, auf etwa 20 Hektar fruchtbarem Flusslehm, bauen wir mit Sorgfalt und Fachkenntnis unsere \u00c4pfel, Birnen und Kirschen an. Die Betuwe ist nicht ohne Grund als das Obstgebiet der Niederlande bekannt \u2013 und [&hellip;]","og_url":"https:\/\/www.fruitloonbedrijf-rensen.nl\/de\/obstbetrieb\/","og_site_name":"Rensen Fruit- en Loonbedrijf","article_modified_time":"2025-06-13T10:13:27+00:00","twitter_card":"summary_large_image","twitter_misc":{"Gesch\u00e4tzte Lesezeit":"3\u00a0Minuten"},"schema":{"@context":"https:\/\/schema.org","@graph":[{"@type":"WebPage","@id":"https:\/\/www.fruitloonbedrijf-rensen.nl\/de\/obstbetrieb\/","url":"https:\/\/www.fruitloonbedrijf-rensen.nl\/de\/obstbetrieb\/","name":"Obstbetrieb | Rensen Fruit- en Loonbedrijf","isPartOf":{"@id":"https:\/\/www.fruitloonbedrijf-rensen.nl\/de\/#website"},"datePublished":"2025-03-07T09:19:55+00:00","dateModified":"2025-06-13T10:13:27+00:00","breadcrumb":{"@id":"https:\/\/www.fruitloonbedrijf-rensen.nl\/de\/obstbetrieb\/#breadcrumb"},"inLanguage":"de","potentialAction":[{"@type":"ReadAction","target":["https:\/\/www.fruitloonbedrijf-rensen.nl\/de\/obstbetrieb\/"]}]},{"@type":"BreadcrumbList","@id":"https:\/\/www.fruitloonbedrijf-rensen.nl\/de\/obstbetrieb\/#breadcrumb","itemListElement":[{"@type":"ListItem","position":1,"name":"Home","item":"https:\/\/www.fruitloonbedrijf-rensen.nl\/de\/"},{"@type":"ListItem","position":2,"name":"Obstbetrieb"}]},{"@type":"WebSite","@id":"https:\/\/www.fruitloonbedrijf-rensen.nl\/de\/#website","url":"https:\/\/www.fruitloonbedrijf-rensen.nl\/de\/","name":"Rensen Fruit- en Loonbedrijf","description":"Rensen Fruit- en Loonbedrijf","potentialAction":[{"@type":"SearchAction","target":{"@type":"EntryPoint","urlTemplate":"https:\/\/www.fruitloonbedrijf-rensen.nl\/de\/?s={search_term_string}"},"query-input":{"@type":"PropertyValueSpecification","valueRequired":true,"valueName":"search_term_string"}}],"inLanguage":"de"}]}},"_links":{"self":[{"href":"https:\/\/www.fruitloonbedrijf-rensen.nl\/de\/wp-json\/wp\/v2\/pages\/1116","targetHints":{"allow":["GET"]}}],"collection":[{"href":"https:\/\/www.fruitloonbedrijf-rensen.nl\/de\/wp-json\/wp\/v2\/pages"}],"about":[{"href":"https:\/\/www.fruitloonbedrijf-rensen.nl\/de\/wp-json\/wp\/v2\/types\/page"}],"author":[{"embeddable":true,"href":"https:\/\/www.fruitloonbedrijf-rensen.nl\/de\/wp-json\/wp\/v2\/users\/1"}],"replies":[{"embeddable":true,"href":"https:\/\/www.fruitloonbedrijf-rensen.nl\/de\/wp-json\/wp\/v2\/comments?post=1116"}],"version-history":[{"count":11,"href":"https:\/\/www.fruitloonbedrijf-rensen.nl\/de\/wp-json\/wp\/v2\/pages\/1116\/revisions"}],"predecessor-version":[{"id":1511,"href":"https:\/\/www.fruitloonbedrijf-rensen.nl\/de\/wp-json\/wp\/v2\/pages\/1116\/revisions\/1511"}],"wp:attachment":[{"href":"https:\/\/www.fruitloonbedrijf-rensen.nl\/de\/wp-json\/wp\/v2\/media?parent=1116"}],"curies":[{"name":"wp","href":"https:\/\/api.w.org\/{rel}","templated":true}]}}