{"id":1110,"date":"2025-03-07T09:18:16","date_gmt":"2025-03-07T09:18:16","guid":{"rendered":"https:\/\/www.fruitloonbedrijf-rensen.nl\/kirschen\/"},"modified":"2025-06-13T09:29:33","modified_gmt":"2025-06-13T09:29:33","slug":"kirschen","status":"publish","type":"page","link":"https:\/\/www.fruitloonbedrijf-rensen.nl\/de\/kirschen\/","title":{"rendered":"Kirschen"},"content":{"rendered":"<div class=\"wpb-content-wrapper\"><p>[vc_row content_placement=&#8220;middle&#8220;][vc_column width=&#8220;1\/2&#8243;][vc_column_text css=&#8220;&#8220;]<\/p>\n<h2><strong>Kirschen: Kordia und Regina<\/strong><\/h2>\n<p>Unsere Kirschen der Sorten Kordia und Regina werden mit gro\u00dfer Sorgfalt angebaut, um optimale Qualit\u00e4t und Geschmack zu gew\u00e4hrleisten. Sie wachsen unter Folienabdeckungen, die Schutz vor Regen bieten und Risse verhindern. Zudem verwenden wir Suzukinetze, um Sch\u00e4den durch Insekten wie die Kirschessigfliege zu minimieren. Diese Kombination aus Schutz und Fachkenntnis f\u00fchrt zu festen, gl\u00e4nzenden Kirschen mit einem vollen, s\u00fc\u00dfen Geschmack.<\/p>\n<p>Die Kordia ist beliebt wegen ihrer gro\u00dfen, dunkelroten Fr\u00fcchte und knackigen Konsistenz, w\u00e4hrend die Regina etwas sp\u00e4ter reift und f\u00fcr ihren saftigen und aromatischen Charakter bekannt ist. Unsere Kirschen sind eine geschmackvolle Belohnung aus sorgf\u00e4ltigem Anbau.[\/vc_column_text]<div class='wpb_content_element' align=''><a class='button button--primary'  href='\/de\/stellenangebote'>Stellenangebote<\/a><\/div>[\/vc_column][vc_column width=&#8220;1\/2&#8243;][vc_single_image image=&#8220;772&#8243; img_size=&#8220;large&#8220; alignment=&#8220;center&#8220; style=&#8220;vc_box_rounded&#8220; css_animation=&#8220;zoomIn&#8220; css=&#8220;&#8220;][\/vc_column][\/vc_row]<\/p>\n<\/div>","protected":false},"excerpt":{"rendered":"<p>[vc_row content_placement=&#8220;middle&#8220;][vc_column width=&#8220;1\/2&#8243;][vc_column_text css=&#8220;&#8220;] Kirschen: Kordia und Regina Unsere Kirschen der Sorten Kordia und Regina werden mit gro\u00dfer Sorgfalt angebaut, um optimale Qualit\u00e4t und Geschmack zu gew\u00e4hrleisten. Sie wachsen unter Folienabdeckungen, die Schutz vor Regen bieten und Risse verhindern. Zudem verwenden wir Suzukinetze, um Sch\u00e4den durch Insekten wie die Kirschessigfliege zu minimieren. Diese Kombination aus [&hellip;]<\/p>\n","protected":false},"author":1,"featured_media":0,"parent":0,"menu_order":0,"comment_status":"closed","ping_status":"closed","template":"","meta":{"_acf_changed":false,"footnotes":""},"class_list":["post-1110","page","type-page","status-publish","hentry"],"acf":[],"yoast_head":"<!-- This site is optimized with the Yoast SEO plugin v25.3 - https:\/\/yoast.com\/wordpress\/plugins\/seo\/ -->\n<title>Kirschen | Rensen Fruit- en Loonbedrijf<\/title>\n<meta name=\"robots\" content=\"index, follow, max-snippet:-1, max-image-preview:large, max-video-preview:-1\" \/>\n<link rel=\"canonical\" href=\"https:\/\/www.fruitloonbedrijf-rensen.nl\/de\/kirschen\/\" \/>\n<meta property=\"og:locale\" content=\"de_DE\" \/>\n<meta property=\"og:type\" content=\"article\" \/>\n<meta property=\"og:title\" content=\"Kirschen | Rensen Fruit- en Loonbedrijf\" \/>\n<meta property=\"og:description\" content=\"[vc_row content_placement=&#8220;middle&#8220;][vc_column width=&#8220;1\/2&#8243;][vc_column_text css=&#8220;&#8220;] Kirschen: Kordia und Regina Unsere Kirschen der Sorten Kordia und Regina werden mit gro\u00dfer Sorgfalt angebaut, um optimale Qualit\u00e4t und Geschmack zu gew\u00e4hrleisten. Sie wachsen unter Folienabdeckungen, die Schutz vor Regen bieten und Risse verhindern. Zudem verwenden wir Suzukinetze, um Sch\u00e4den durch Insekten wie die Kirschessigfliege zu minimieren. Diese Kombination aus [&hellip;]\" \/>\n<meta property=\"og:url\" content=\"https:\/\/www.fruitloonbedrijf-rensen.nl\/de\/kirschen\/\" \/>\n<meta property=\"og:site_name\" content=\"Rensen Fruit- en Loonbedrijf\" \/>\n<meta property=\"article:modified_time\" content=\"2025-06-13T09:29:33+00:00\" \/>\n<meta name=\"twitter:card\" content=\"summary_large_image\" \/>\n<meta name=\"twitter:label1\" content=\"Gesch\u00e4tzte Lesezeit\" \/>\n\t<meta name=\"twitter:data1\" content=\"1\u00a0Minute\" \/>\n<script type=\"application\/ld+json\" class=\"yoast-schema-graph\">{\"@context\":\"https:\/\/schema.org\",\"@graph\":[{\"@type\":\"WebPage\",\"@id\":\"https:\/\/www.fruitloonbedrijf-rensen.nl\/de\/kirschen\/\",\"url\":\"https:\/\/www.fruitloonbedrijf-rensen.nl\/de\/kirschen\/\",\"name\":\"Kirschen | Rensen Fruit- en Loonbedrijf\",\"isPartOf\":{\"@id\":\"https:\/\/www.fruitloonbedrijf-rensen.nl\/de\/#website\"},\"datePublished\":\"2025-03-07T09:18:16+00:00\",\"dateModified\":\"2025-06-13T09:29:33+00:00\",\"breadcrumb\":{\"@id\":\"https:\/\/www.fruitloonbedrijf-rensen.nl\/de\/kirschen\/#breadcrumb\"},\"inLanguage\":\"de\",\"potentialAction\":[{\"@type\":\"ReadAction\",\"target\":[\"https:\/\/www.fruitloonbedrijf-rensen.nl\/de\/kirschen\/\"]}]},{\"@type\":\"BreadcrumbList\",\"@id\":\"https:\/\/www.fruitloonbedrijf-rensen.nl\/de\/kirschen\/#breadcrumb\",\"itemListElement\":[{\"@type\":\"ListItem\",\"position\":1,\"name\":\"Home\",\"item\":\"https:\/\/www.fruitloonbedrijf-rensen.nl\/de\/\"},{\"@type\":\"ListItem\",\"position\":2,\"name\":\"Kirschen\"}]},{\"@type\":\"WebSite\",\"@id\":\"https:\/\/www.fruitloonbedrijf-rensen.nl\/de\/#website\",\"url\":\"https:\/\/www.fruitloonbedrijf-rensen.nl\/de\/\",\"name\":\"Rensen Fruit- en Loonbedrijf\",\"description\":\"Rensen Fruit- en Loonbedrijf\",\"potentialAction\":[{\"@type\":\"SearchAction\",\"target\":{\"@type\":\"EntryPoint\",\"urlTemplate\":\"https:\/\/www.fruitloonbedrijf-rensen.nl\/de\/?s={search_term_string}\"},\"query-input\":{\"@type\":\"PropertyValueSpecification\",\"valueRequired\":true,\"valueName\":\"search_term_string\"}}],\"inLanguage\":\"de\"}]}<\/script>\n<!-- \/ Yoast SEO plugin. -->","yoast_head_json":{"title":"Kirschen | Rensen Fruit- en Loonbedrijf","robots":{"index":"index","follow":"follow","max-snippet":"max-snippet:-1","max-image-preview":"max-image-preview:large","max-video-preview":"max-video-preview:-1"},"canonical":"https:\/\/www.fruitloonbedrijf-rensen.nl\/de\/kirschen\/","og_locale":"de_DE","og_type":"article","og_title":"Kirschen | Rensen Fruit- en Loonbedrijf","og_description":"[vc_row content_placement=&#8220;middle&#8220;][vc_column width=&#8220;1\/2&#8243;][vc_column_text css=&#8220;&#8220;] Kirschen: Kordia und Regina Unsere Kirschen der Sorten Kordia und Regina werden mit gro\u00dfer Sorgfalt angebaut, um optimale Qualit\u00e4t und Geschmack zu gew\u00e4hrleisten. Sie wachsen unter Folienabdeckungen, die Schutz vor Regen bieten und Risse verhindern. Zudem verwenden wir Suzukinetze, um Sch\u00e4den durch Insekten wie die Kirschessigfliege zu minimieren. Diese Kombination aus [&hellip;]","og_url":"https:\/\/www.fruitloonbedrijf-rensen.nl\/de\/kirschen\/","og_site_name":"Rensen Fruit- en Loonbedrijf","article_modified_time":"2025-06-13T09:29:33+00:00","twitter_card":"summary_large_image","twitter_misc":{"Gesch\u00e4tzte Lesezeit":"1\u00a0Minute"},"schema":{"@context":"https:\/\/schema.org","@graph":[{"@type":"WebPage","@id":"https:\/\/www.fruitloonbedrijf-rensen.nl\/de\/kirschen\/","url":"https:\/\/www.fruitloonbedrijf-rensen.nl\/de\/kirschen\/","name":"Kirschen | Rensen Fruit- en Loonbedrijf","isPartOf":{"@id":"https:\/\/www.fruitloonbedrijf-rensen.nl\/de\/#website"},"datePublished":"2025-03-07T09:18:16+00:00","dateModified":"2025-06-13T09:29:33+00:00","breadcrumb":{"@id":"https:\/\/www.fruitloonbedrijf-rensen.nl\/de\/kirschen\/#breadcrumb"},"inLanguage":"de","potentialAction":[{"@type":"ReadAction","target":["https:\/\/www.fruitloonbedrijf-rensen.nl\/de\/kirschen\/"]}]},{"@type":"BreadcrumbList","@id":"https:\/\/www.fruitloonbedrijf-rensen.nl\/de\/kirschen\/#breadcrumb","itemListElement":[{"@type":"ListItem","position":1,"name":"Home","item":"https:\/\/www.fruitloonbedrijf-rensen.nl\/de\/"},{"@type":"ListItem","position":2,"name":"Kirschen"}]},{"@type":"WebSite","@id":"https:\/\/www.fruitloonbedrijf-rensen.nl\/de\/#website","url":"https:\/\/www.fruitloonbedrijf-rensen.nl\/de\/","name":"Rensen Fruit- en Loonbedrijf","description":"Rensen Fruit- en Loonbedrijf","potentialAction":[{"@type":"SearchAction","target":{"@type":"EntryPoint","urlTemplate":"https:\/\/www.fruitloonbedrijf-rensen.nl\/de\/?s={search_term_string}"},"query-input":{"@type":"PropertyValueSpecification","valueRequired":true,"valueName":"search_term_string"}}],"inLanguage":"de"}]}},"_links":{"self":[{"href":"https:\/\/www.fruitloonbedrijf-rensen.nl\/de\/wp-json\/wp\/v2\/pages\/1110","targetHints":{"allow":["GET"]}}],"collection":[{"href":"https:\/\/www.fruitloonbedrijf-rensen.nl\/de\/wp-json\/wp\/v2\/pages"}],"about":[{"href":"https:\/\/www.fruitloonbedrijf-rensen.nl\/de\/wp-json\/wp\/v2\/types\/page"}],"author":[{"embeddable":true,"href":"https:\/\/www.fruitloonbedrijf-rensen.nl\/de\/wp-json\/wp\/v2\/users\/1"}],"replies":[{"embeddable":true,"href":"https:\/\/www.fruitloonbedrijf-rensen.nl\/de\/wp-json\/wp\/v2\/comments?post=1110"}],"version-history":[{"count":3,"href":"https:\/\/www.fruitloonbedrijf-rensen.nl\/de\/wp-json\/wp\/v2\/pages\/1110\/revisions"}],"predecessor-version":[{"id":1493,"href":"https:\/\/www.fruitloonbedrijf-rensen.nl\/de\/wp-json\/wp\/v2\/pages\/1110\/revisions\/1493"}],"wp:attachment":[{"href":"https:\/\/www.fruitloonbedrijf-rensen.nl\/de\/wp-json\/wp\/v2\/media?parent=1110"}],"curies":[{"name":"wp","href":"https:\/\/api.w.org\/{rel}","templated":true}]}}