{"id":1104,"date":"2025-03-07T09:17:59","date_gmt":"2025-03-07T09:17:59","guid":{"rendered":"https:\/\/www.fruitloonbedrijf-rensen.nl\/birnen\/"},"modified":"2025-06-13T09:28:50","modified_gmt":"2025-06-13T09:28:50","slug":"birnen","status":"publish","type":"page","link":"https:\/\/www.fruitloonbedrijf-rensen.nl\/de\/birnen\/","title":{"rendered":"Birnen"},"content":{"rendered":"<div class=\"wpb-content-wrapper\"><p>[vc_row content_placement=&#8220;middle&#8220;][vc_column width=&#8220;1\/2&#8243;][vc_column_text css=&#8220;&#8220;]<\/p>\n<h2><strong>Birnen: Conference und Doyenn\u00e9 du Comice<\/strong><\/h2>\n<p>Bei Rensen Obst- und Lohnbetrieb bauen wir mit Sorgfalt und Aufmerksamkeit unsere Birnen auf eigenem Boden in der fruchtbaren Betuwe an. Durch die vollst\u00e4ndige Kontrolle des gesamten Anbauprozesses \u2013 vom Schneiden bis zur Ernte und Lagerung \u2013 garantieren wir Birnen von konstanter Qualit\u00e4t und ausgezeichnetem Geschmack. Der Flusslehm, in dem unsere B\u00e4ume stehen, liefert feste und saftige Fr\u00fcchte mit einem reichen Aroma und guter Lagerf\u00e4higkeit.<\/p>\n<p>Wir bauen haupts\u00e4chlich die Sorten Conference und Doyenn\u00e9 du Comice an. Conference ist eine schlanke, gr\u00fcne Tafelbirne mit einem feinen, s\u00fc\u00df-frischen Geschmack und fester Struktur. Diese Birne ist besonders beliebt aufgrund ihrer Vielseitigkeit: k\u00f6stlich zum direkten Verzehr, aber auch gut in Gerichten verwendbar. Doyenn\u00e9 du Comice ist eine klassische Dessertbirne mit runder Form, weichem und saftigem Fruchtfleisch und einem vollen, s\u00fc\u00dfen Geschmack \u2013 eine echte Delikatesse.<\/p>\n<p>Nach der Ernte bewahren wir unsere Birnen in modernen K\u00fchlr\u00e4umen auf unserem eigenen Betrieb auf. So behalten sie ihre Frische und ihren Geschmack bis zum Zeitpunkt der Lieferung. Rensen steht f\u00fcr Qualit\u00e4t, Zuverl\u00e4ssigkeit und Geschmack, vom Obstgarten bis zum Teller.[\/vc_column_text]<div class='wpb_content_element' align=''><a class='button button--primary'  href='\/de\/stellenangebote'>Stellenangebote<\/a><\/div>[\/vc_column][vc_column width=&#8220;1\/2&#8243;][vc_single_image image=&#8220;774&#8243; img_size=&#8220;large&#8220; alignment=&#8220;center&#8220; style=&#8220;vc_box_rounded&#8220; css_animation=&#8220;zoomIn&#8220; css=&#8220;&#8220;][\/vc_column][\/vc_row]<\/p>\n<\/div>","protected":false},"excerpt":{"rendered":"<p>[vc_row content_placement=&#8220;middle&#8220;][vc_column width=&#8220;1\/2&#8243;][vc_column_text css=&#8220;&#8220;] Birnen: Conference und Doyenn\u00e9 du Comice Bei Rensen Obst- und Lohnbetrieb bauen wir mit Sorgfalt und Aufmerksamkeit unsere Birnen auf eigenem Boden in der fruchtbaren Betuwe an. Durch die vollst\u00e4ndige Kontrolle des gesamten Anbauprozesses \u2013 vom Schneiden bis zur Ernte und Lagerung \u2013 garantieren wir Birnen von konstanter Qualit\u00e4t und ausgezeichnetem [&hellip;]<\/p>\n","protected":false},"author":1,"featured_media":0,"parent":0,"menu_order":0,"comment_status":"closed","ping_status":"closed","template":"","meta":{"_acf_changed":false,"footnotes":""},"class_list":["post-1104","page","type-page","status-publish","hentry"],"acf":[],"yoast_head":"<!-- This site is optimized with the Yoast SEO plugin v25.3 - https:\/\/yoast.com\/wordpress\/plugins\/seo\/ -->\n<title>Birnen | Rensen Fruit- en Loonbedrijf<\/title>\n<meta name=\"robots\" content=\"index, follow, max-snippet:-1, max-image-preview:large, max-video-preview:-1\" \/>\n<link rel=\"canonical\" href=\"https:\/\/www.fruitloonbedrijf-rensen.nl\/de\/birnen\/\" \/>\n<meta property=\"og:locale\" content=\"de_DE\" \/>\n<meta property=\"og:type\" content=\"article\" \/>\n<meta property=\"og:title\" content=\"Birnen | Rensen Fruit- en Loonbedrijf\" \/>\n<meta property=\"og:description\" content=\"[vc_row content_placement=&#8220;middle&#8220;][vc_column width=&#8220;1\/2&#8243;][vc_column_text css=&#8220;&#8220;] Birnen: Conference und Doyenn\u00e9 du Comice Bei Rensen Obst- und Lohnbetrieb bauen wir mit Sorgfalt und Aufmerksamkeit unsere Birnen auf eigenem Boden in der fruchtbaren Betuwe an. Durch die vollst\u00e4ndige Kontrolle des gesamten Anbauprozesses \u2013 vom Schneiden bis zur Ernte und Lagerung \u2013 garantieren wir Birnen von konstanter Qualit\u00e4t und ausgezeichnetem [&hellip;]\" \/>\n<meta property=\"og:url\" content=\"https:\/\/www.fruitloonbedrijf-rensen.nl\/de\/birnen\/\" \/>\n<meta property=\"og:site_name\" content=\"Rensen Fruit- en Loonbedrijf\" \/>\n<meta property=\"article:modified_time\" content=\"2025-06-13T09:28:50+00:00\" \/>\n<meta name=\"twitter:card\" content=\"summary_large_image\" \/>\n<meta name=\"twitter:label1\" content=\"Gesch\u00e4tzte Lesezeit\" \/>\n\t<meta name=\"twitter:data1\" content=\"1\u00a0Minute\" \/>\n<script type=\"application\/ld+json\" class=\"yoast-schema-graph\">{\"@context\":\"https:\/\/schema.org\",\"@graph\":[{\"@type\":\"WebPage\",\"@id\":\"https:\/\/www.fruitloonbedrijf-rensen.nl\/de\/birnen\/\",\"url\":\"https:\/\/www.fruitloonbedrijf-rensen.nl\/de\/birnen\/\",\"name\":\"Birnen | Rensen Fruit- en Loonbedrijf\",\"isPartOf\":{\"@id\":\"https:\/\/www.fruitloonbedrijf-rensen.nl\/de\/#website\"},\"datePublished\":\"2025-03-07T09:17:59+00:00\",\"dateModified\":\"2025-06-13T09:28:50+00:00\",\"breadcrumb\":{\"@id\":\"https:\/\/www.fruitloonbedrijf-rensen.nl\/de\/birnen\/#breadcrumb\"},\"inLanguage\":\"de\",\"potentialAction\":[{\"@type\":\"ReadAction\",\"target\":[\"https:\/\/www.fruitloonbedrijf-rensen.nl\/de\/birnen\/\"]}]},{\"@type\":\"BreadcrumbList\",\"@id\":\"https:\/\/www.fruitloonbedrijf-rensen.nl\/de\/birnen\/#breadcrumb\",\"itemListElement\":[{\"@type\":\"ListItem\",\"position\":1,\"name\":\"Home\",\"item\":\"https:\/\/www.fruitloonbedrijf-rensen.nl\/de\/\"},{\"@type\":\"ListItem\",\"position\":2,\"name\":\"Birnen\"}]},{\"@type\":\"WebSite\",\"@id\":\"https:\/\/www.fruitloonbedrijf-rensen.nl\/de\/#website\",\"url\":\"https:\/\/www.fruitloonbedrijf-rensen.nl\/de\/\",\"name\":\"Rensen Fruit- en Loonbedrijf\",\"description\":\"Rensen Fruit- en Loonbedrijf\",\"potentialAction\":[{\"@type\":\"SearchAction\",\"target\":{\"@type\":\"EntryPoint\",\"urlTemplate\":\"https:\/\/www.fruitloonbedrijf-rensen.nl\/de\/?s={search_term_string}\"},\"query-input\":{\"@type\":\"PropertyValueSpecification\",\"valueRequired\":true,\"valueName\":\"search_term_string\"}}],\"inLanguage\":\"de\"}]}<\/script>\n<!-- \/ Yoast SEO plugin. -->","yoast_head_json":{"title":"Birnen | Rensen Fruit- en Loonbedrijf","robots":{"index":"index","follow":"follow","max-snippet":"max-snippet:-1","max-image-preview":"max-image-preview:large","max-video-preview":"max-video-preview:-1"},"canonical":"https:\/\/www.fruitloonbedrijf-rensen.nl\/de\/birnen\/","og_locale":"de_DE","og_type":"article","og_title":"Birnen | Rensen Fruit- en Loonbedrijf","og_description":"[vc_row content_placement=&#8220;middle&#8220;][vc_column width=&#8220;1\/2&#8243;][vc_column_text css=&#8220;&#8220;] Birnen: Conference und Doyenn\u00e9 du Comice Bei Rensen Obst- und Lohnbetrieb bauen wir mit Sorgfalt und Aufmerksamkeit unsere Birnen auf eigenem Boden in der fruchtbaren Betuwe an. Durch die vollst\u00e4ndige Kontrolle des gesamten Anbauprozesses \u2013 vom Schneiden bis zur Ernte und Lagerung \u2013 garantieren wir Birnen von konstanter Qualit\u00e4t und ausgezeichnetem [&hellip;]","og_url":"https:\/\/www.fruitloonbedrijf-rensen.nl\/de\/birnen\/","og_site_name":"Rensen Fruit- en Loonbedrijf","article_modified_time":"2025-06-13T09:28:50+00:00","twitter_card":"summary_large_image","twitter_misc":{"Gesch\u00e4tzte Lesezeit":"1\u00a0Minute"},"schema":{"@context":"https:\/\/schema.org","@graph":[{"@type":"WebPage","@id":"https:\/\/www.fruitloonbedrijf-rensen.nl\/de\/birnen\/","url":"https:\/\/www.fruitloonbedrijf-rensen.nl\/de\/birnen\/","name":"Birnen | Rensen Fruit- en Loonbedrijf","isPartOf":{"@id":"https:\/\/www.fruitloonbedrijf-rensen.nl\/de\/#website"},"datePublished":"2025-03-07T09:17:59+00:00","dateModified":"2025-06-13T09:28:50+00:00","breadcrumb":{"@id":"https:\/\/www.fruitloonbedrijf-rensen.nl\/de\/birnen\/#breadcrumb"},"inLanguage":"de","potentialAction":[{"@type":"ReadAction","target":["https:\/\/www.fruitloonbedrijf-rensen.nl\/de\/birnen\/"]}]},{"@type":"BreadcrumbList","@id":"https:\/\/www.fruitloonbedrijf-rensen.nl\/de\/birnen\/#breadcrumb","itemListElement":[{"@type":"ListItem","position":1,"name":"Home","item":"https:\/\/www.fruitloonbedrijf-rensen.nl\/de\/"},{"@type":"ListItem","position":2,"name":"Birnen"}]},{"@type":"WebSite","@id":"https:\/\/www.fruitloonbedrijf-rensen.nl\/de\/#website","url":"https:\/\/www.fruitloonbedrijf-rensen.nl\/de\/","name":"Rensen Fruit- en Loonbedrijf","description":"Rensen Fruit- en Loonbedrijf","potentialAction":[{"@type":"SearchAction","target":{"@type":"EntryPoint","urlTemplate":"https:\/\/www.fruitloonbedrijf-rensen.nl\/de\/?s={search_term_string}"},"query-input":{"@type":"PropertyValueSpecification","valueRequired":true,"valueName":"search_term_string"}}],"inLanguage":"de"}]}},"_links":{"self":[{"href":"https:\/\/www.fruitloonbedrijf-rensen.nl\/de\/wp-json\/wp\/v2\/pages\/1104","targetHints":{"allow":["GET"]}}],"collection":[{"href":"https:\/\/www.fruitloonbedrijf-rensen.nl\/de\/wp-json\/wp\/v2\/pages"}],"about":[{"href":"https:\/\/www.fruitloonbedrijf-rensen.nl\/de\/wp-json\/wp\/v2\/types\/page"}],"author":[{"embeddable":true,"href":"https:\/\/www.fruitloonbedrijf-rensen.nl\/de\/wp-json\/wp\/v2\/users\/1"}],"replies":[{"embeddable":true,"href":"https:\/\/www.fruitloonbedrijf-rensen.nl\/de\/wp-json\/wp\/v2\/comments?post=1104"}],"version-history":[{"count":3,"href":"https:\/\/www.fruitloonbedrijf-rensen.nl\/de\/wp-json\/wp\/v2\/pages\/1104\/revisions"}],"predecessor-version":[{"id":1492,"href":"https:\/\/www.fruitloonbedrijf-rensen.nl\/de\/wp-json\/wp\/v2\/pages\/1104\/revisions\/1492"}],"wp:attachment":[{"href":"https:\/\/www.fruitloonbedrijf-rensen.nl\/de\/wp-json\/wp\/v2\/media?parent=1104"}],"curies":[{"name":"wp","href":"https:\/\/api.w.org\/{rel}","templated":true}]}}