{"id":1098,"date":"2025-03-07T09:17:43","date_gmt":"2025-03-07T09:17:43","guid":{"rendered":"https:\/\/www.fruitloonbedrijf-rensen.nl\/aepfel\/"},"modified":"2025-06-13T09:28:24","modified_gmt":"2025-06-13T09:28:24","slug":"aepfel","status":"publish","type":"page","link":"https:\/\/www.fruitloonbedrijf-rensen.nl\/de\/aepfel\/","title":{"rendered":"\u00c4pfel"},"content":{"rendered":"<div class=\"wpb-content-wrapper\"><p>[vc_row content_placement=&#8220;middle&#8220;][vc_column width=&#8220;1\/2&#8243;][vc_column_text css=&#8220;&#8220;]<\/p>\n<h2><strong>\u00c4pfel: Elstar und Jonagold<\/strong><\/h2>\n<p>Bei Rensen Obst- und Lohnbetrieb bauen wir unsere \u00c4pfel mit Leidenschaft und Fachkenntnis auf eigenen Obstplantagen im Herzen der Betuwe an. Der fruchtbare Flusslehm in dieser Region bietet einen idealen Boden f\u00fcr die Entwicklung von geschmackvollen und festen \u00c4pfeln. Unser Apfelanbau ist vollst\u00e4ndig in eigener Hand \u2013 vom Pflanzen und Schneiden bis zur Ernte und Lagerung \u2013 sodass wir die Qualit\u00e4t unserer Produkte in jedem Schritt gew\u00e4hrleisten k\u00f6nnen.<\/p>\n<p>Wir bauen haupts\u00e4chlich die Sorten Elstar und Jonagold an. Elstar ist ein beliebter Tafelapfel mit einem frischen, leicht s\u00e4uerlichen Geschmack, saftigem Fruchtfleisch und einer angenehmen Knackigkeit. Jonagold ist bekannt f\u00fcr seine sch\u00f6ne Balance zwischen s\u00fc\u00df und sauer, einem etwas weicheren Biss und einem vollen, aromatischen Geschmack. Beide Sorten sind bei Verbrauchern beliebt und eignen sich sowohl f\u00fcr den direkten Verzehr als auch f\u00fcr die Verarbeitung in beispielsweise Kuchen oder Salaten.<\/p>\n<p>Unsere \u00c4pfel werden nach der Ernte in eigenen K\u00fchlr\u00e4umen aufbewahrt, wodurch wir die Frische und Qualit\u00e4t bis zum Zeitpunkt der Auslieferung erhalten k\u00f6nnen. So sind Sie sicher, ein schmackhaftes und zuverl\u00e4ssiges Produkt direkt vom Erzeuger zu erhalten.[\/vc_column_text]<div class='wpb_content_element' align=''><a class='button button--primary'  href='\/de\/stellenangebote'>Stellenangebote<\/a><\/div>[\/vc_column][vc_column width=&#8220;1\/2&#8243;][vc_single_image image=&#8220;778&#8243; img_size=&#8220;large&#8220; alignment=&#8220;center&#8220; style=&#8220;vc_box_rounded&#8220; css_animation=&#8220;zoomIn&#8220; css=&#8220;&#8220;][\/vc_column][\/vc_row]<\/p>\n<\/div>","protected":false},"excerpt":{"rendered":"<p>[vc_row content_placement=&#8220;middle&#8220;][vc_column width=&#8220;1\/2&#8243;][vc_column_text css=&#8220;&#8220;] \u00c4pfel: Elstar und Jonagold Bei Rensen Obst- und Lohnbetrieb bauen wir unsere \u00c4pfel mit Leidenschaft und Fachkenntnis auf eigenen Obstplantagen im Herzen der Betuwe an. Der fruchtbare Flusslehm in dieser Region bietet einen idealen Boden f\u00fcr die Entwicklung von geschmackvollen und festen \u00c4pfeln. Unser Apfelanbau ist vollst\u00e4ndig in eigener Hand \u2013 [&hellip;]<\/p>\n","protected":false},"author":1,"featured_media":0,"parent":0,"menu_order":0,"comment_status":"closed","ping_status":"closed","template":"","meta":{"_acf_changed":false,"footnotes":""},"class_list":["post-1098","page","type-page","status-publish","hentry"],"acf":[],"yoast_head":"<!-- This site is optimized with the Yoast SEO plugin v25.3 - https:\/\/yoast.com\/wordpress\/plugins\/seo\/ -->\n<title>\u00c4pfel | Rensen Fruit- en Loonbedrijf<\/title>\n<meta name=\"robots\" content=\"index, follow, max-snippet:-1, max-image-preview:large, max-video-preview:-1\" \/>\n<link rel=\"canonical\" href=\"https:\/\/www.fruitloonbedrijf-rensen.nl\/de\/aepfel\/\" \/>\n<meta property=\"og:locale\" content=\"de_DE\" \/>\n<meta property=\"og:type\" content=\"article\" \/>\n<meta property=\"og:title\" content=\"\u00c4pfel | Rensen Fruit- en Loonbedrijf\" \/>\n<meta property=\"og:description\" content=\"[vc_row content_placement=&#8220;middle&#8220;][vc_column width=&#8220;1\/2&#8243;][vc_column_text css=&#8220;&#8220;] \u00c4pfel: Elstar und Jonagold Bei Rensen Obst- und Lohnbetrieb bauen wir unsere \u00c4pfel mit Leidenschaft und Fachkenntnis auf eigenen Obstplantagen im Herzen der Betuwe an. Der fruchtbare Flusslehm in dieser Region bietet einen idealen Boden f\u00fcr die Entwicklung von geschmackvollen und festen \u00c4pfeln. Unser Apfelanbau ist vollst\u00e4ndig in eigener Hand \u2013 [&hellip;]\" \/>\n<meta property=\"og:url\" content=\"https:\/\/www.fruitloonbedrijf-rensen.nl\/de\/aepfel\/\" \/>\n<meta property=\"og:site_name\" content=\"Rensen Fruit- en Loonbedrijf\" \/>\n<meta property=\"article:modified_time\" content=\"2025-06-13T09:28:24+00:00\" \/>\n<meta name=\"twitter:card\" content=\"summary_large_image\" \/>\n<meta name=\"twitter:label1\" content=\"Gesch\u00e4tzte Lesezeit\" \/>\n\t<meta name=\"twitter:data1\" content=\"1\u00a0Minute\" \/>\n<script type=\"application\/ld+json\" class=\"yoast-schema-graph\">{\"@context\":\"https:\/\/schema.org\",\"@graph\":[{\"@type\":\"WebPage\",\"@id\":\"https:\/\/www.fruitloonbedrijf-rensen.nl\/de\/aepfel\/\",\"url\":\"https:\/\/www.fruitloonbedrijf-rensen.nl\/de\/aepfel\/\",\"name\":\"\u00c4pfel | Rensen Fruit- en Loonbedrijf\",\"isPartOf\":{\"@id\":\"https:\/\/www.fruitloonbedrijf-rensen.nl\/de\/#website\"},\"datePublished\":\"2025-03-07T09:17:43+00:00\",\"dateModified\":\"2025-06-13T09:28:24+00:00\",\"breadcrumb\":{\"@id\":\"https:\/\/www.fruitloonbedrijf-rensen.nl\/de\/aepfel\/#breadcrumb\"},\"inLanguage\":\"de\",\"potentialAction\":[{\"@type\":\"ReadAction\",\"target\":[\"https:\/\/www.fruitloonbedrijf-rensen.nl\/de\/aepfel\/\"]}]},{\"@type\":\"BreadcrumbList\",\"@id\":\"https:\/\/www.fruitloonbedrijf-rensen.nl\/de\/aepfel\/#breadcrumb\",\"itemListElement\":[{\"@type\":\"ListItem\",\"position\":1,\"name\":\"Home\",\"item\":\"https:\/\/www.fruitloonbedrijf-rensen.nl\/de\/\"},{\"@type\":\"ListItem\",\"position\":2,\"name\":\"\u00c4pfel\"}]},{\"@type\":\"WebSite\",\"@id\":\"https:\/\/www.fruitloonbedrijf-rensen.nl\/de\/#website\",\"url\":\"https:\/\/www.fruitloonbedrijf-rensen.nl\/de\/\",\"name\":\"Rensen Fruit- en Loonbedrijf\",\"description\":\"Rensen Fruit- en Loonbedrijf\",\"potentialAction\":[{\"@type\":\"SearchAction\",\"target\":{\"@type\":\"EntryPoint\",\"urlTemplate\":\"https:\/\/www.fruitloonbedrijf-rensen.nl\/de\/?s={search_term_string}\"},\"query-input\":{\"@type\":\"PropertyValueSpecification\",\"valueRequired\":true,\"valueName\":\"search_term_string\"}}],\"inLanguage\":\"de\"}]}<\/script>\n<!-- \/ Yoast SEO plugin. -->","yoast_head_json":{"title":"\u00c4pfel | Rensen Fruit- en Loonbedrijf","robots":{"index":"index","follow":"follow","max-snippet":"max-snippet:-1","max-image-preview":"max-image-preview:large","max-video-preview":"max-video-preview:-1"},"canonical":"https:\/\/www.fruitloonbedrijf-rensen.nl\/de\/aepfel\/","og_locale":"de_DE","og_type":"article","og_title":"\u00c4pfel | Rensen Fruit- en Loonbedrijf","og_description":"[vc_row content_placement=&#8220;middle&#8220;][vc_column width=&#8220;1\/2&#8243;][vc_column_text css=&#8220;&#8220;] \u00c4pfel: Elstar und Jonagold Bei Rensen Obst- und Lohnbetrieb bauen wir unsere \u00c4pfel mit Leidenschaft und Fachkenntnis auf eigenen Obstplantagen im Herzen der Betuwe an. Der fruchtbare Flusslehm in dieser Region bietet einen idealen Boden f\u00fcr die Entwicklung von geschmackvollen und festen \u00c4pfeln. Unser Apfelanbau ist vollst\u00e4ndig in eigener Hand \u2013 [&hellip;]","og_url":"https:\/\/www.fruitloonbedrijf-rensen.nl\/de\/aepfel\/","og_site_name":"Rensen Fruit- en Loonbedrijf","article_modified_time":"2025-06-13T09:28:24+00:00","twitter_card":"summary_large_image","twitter_misc":{"Gesch\u00e4tzte Lesezeit":"1\u00a0Minute"},"schema":{"@context":"https:\/\/schema.org","@graph":[{"@type":"WebPage","@id":"https:\/\/www.fruitloonbedrijf-rensen.nl\/de\/aepfel\/","url":"https:\/\/www.fruitloonbedrijf-rensen.nl\/de\/aepfel\/","name":"\u00c4pfel | Rensen Fruit- en Loonbedrijf","isPartOf":{"@id":"https:\/\/www.fruitloonbedrijf-rensen.nl\/de\/#website"},"datePublished":"2025-03-07T09:17:43+00:00","dateModified":"2025-06-13T09:28:24+00:00","breadcrumb":{"@id":"https:\/\/www.fruitloonbedrijf-rensen.nl\/de\/aepfel\/#breadcrumb"},"inLanguage":"de","potentialAction":[{"@type":"ReadAction","target":["https:\/\/www.fruitloonbedrijf-rensen.nl\/de\/aepfel\/"]}]},{"@type":"BreadcrumbList","@id":"https:\/\/www.fruitloonbedrijf-rensen.nl\/de\/aepfel\/#breadcrumb","itemListElement":[{"@type":"ListItem","position":1,"name":"Home","item":"https:\/\/www.fruitloonbedrijf-rensen.nl\/de\/"},{"@type":"ListItem","position":2,"name":"\u00c4pfel"}]},{"@type":"WebSite","@id":"https:\/\/www.fruitloonbedrijf-rensen.nl\/de\/#website","url":"https:\/\/www.fruitloonbedrijf-rensen.nl\/de\/","name":"Rensen Fruit- en Loonbedrijf","description":"Rensen Fruit- en Loonbedrijf","potentialAction":[{"@type":"SearchAction","target":{"@type":"EntryPoint","urlTemplate":"https:\/\/www.fruitloonbedrijf-rensen.nl\/de\/?s={search_term_string}"},"query-input":{"@type":"PropertyValueSpecification","valueRequired":true,"valueName":"search_term_string"}}],"inLanguage":"de"}]}},"_links":{"self":[{"href":"https:\/\/www.fruitloonbedrijf-rensen.nl\/de\/wp-json\/wp\/v2\/pages\/1098","targetHints":{"allow":["GET"]}}],"collection":[{"href":"https:\/\/www.fruitloonbedrijf-rensen.nl\/de\/wp-json\/wp\/v2\/pages"}],"about":[{"href":"https:\/\/www.fruitloonbedrijf-rensen.nl\/de\/wp-json\/wp\/v2\/types\/page"}],"author":[{"embeddable":true,"href":"https:\/\/www.fruitloonbedrijf-rensen.nl\/de\/wp-json\/wp\/v2\/users\/1"}],"replies":[{"embeddable":true,"href":"https:\/\/www.fruitloonbedrijf-rensen.nl\/de\/wp-json\/wp\/v2\/comments?post=1098"}],"version-history":[{"count":4,"href":"https:\/\/www.fruitloonbedrijf-rensen.nl\/de\/wp-json\/wp\/v2\/pages\/1098\/revisions"}],"predecessor-version":[{"id":1491,"href":"https:\/\/www.fruitloonbedrijf-rensen.nl\/de\/wp-json\/wp\/v2\/pages\/1098\/revisions\/1491"}],"wp:attachment":[{"href":"https:\/\/www.fruitloonbedrijf-rensen.nl\/de\/wp-json\/wp\/v2\/media?parent=1098"}],"curies":[{"name":"wp","href":"https:\/\/api.w.org\/{rel}","templated":true}]}}