{"id":1044,"date":"2022-03-17T11:36:16","date_gmt":"2022-03-17T11:36:16","guid":{"rendered":"https:\/\/www.fruitloonbedrijf-rensen.nl\/ueber-uns\/"},"modified":"2025-06-13T12:50:25","modified_gmt":"2025-06-13T12:50:25","slug":"ueber-uns","status":"publish","type":"page","link":"https:\/\/www.fruitloonbedrijf-rensen.nl\/de\/ueber-uns\/","title":{"rendered":"\u00dcber uns"},"content":{"rendered":"<div class=\"wpb-content-wrapper\"><p>[vc_row content_placement=&#8220;middle&#8220;][vc_column width=&#8220;1\/2&#8243;][vc_column_text css=&#8220;&#8220;]<\/p>\n<h2><strong>Vom Schneiden bis zum Bl\u00fchen<\/strong><\/h2>\n<p>Rensen Obst- und Lohnunternehmen ist ein Familienbetrieb im Herzen der Betuwe, spezialisiert auf Obstanbau und landwirtschaftliche Lohnarbeiten. Auf rund 20 Hektar fruchtbarem Flusslehm bauen wir mit Sorgfalt \u00c4pfel, Birnen und Kirschen an. Dar\u00fcber hinaus bieten wir professionelle Lohnarbeiten f\u00fcr Obstbauern an, wie Pflanzenschutz und D\u00fcngung \u2013 durchgef\u00fchrt mit modernen Maschinen und fachkundigem Personal. Qualit\u00e4t, Nachhaltigkeit und Handwerkskunst stehen bei uns im Mittelpunkt. Mit langj\u00e4hriger Erfahrung und Leidenschaft f\u00fcr das Fach unterst\u00fctzen wir unsere Berufskollegen in jeder Phase des Anbauprozesses. Rensen ist ein zuverl\u00e4ssiger Partner sowohl in der Obstproduktion als auch in der landwirtschaftlichen Dienstleistung. Entdecken Sie unsere Leidenschaft f\u00fcr Obst und professionellen Lohnbetrieb.[\/vc_column_text]<div class='wpb_content_element' align=''><a class='button button--primary'  href='\/de\/stellenangebote'>Stellenangebote<\/a><\/div>[\/vc_column][vc_column width=&#8220;1\/2&#8243;][vc_single_image image=&#8220;760&#8243; img_size=&#8220;large&#8220; alignment=&#8220;center&#8220; style=&#8220;vc_box_rounded&#8220; css_animation=&#8220;zoomIn&#8220; css=&#8220;&#8220;][\/vc_column][\/vc_row]<\/p>\n<\/div>","protected":false},"excerpt":{"rendered":"<p>[vc_row content_placement=&#8220;middle&#8220;][vc_column width=&#8220;1\/2&#8243;][vc_column_text css=&#8220;&#8220;] Vom Schneiden bis zum Bl\u00fchen Rensen Obst- und Lohnunternehmen ist ein Familienbetrieb im Herzen der Betuwe, spezialisiert auf Obstanbau und landwirtschaftliche Lohnarbeiten. Auf rund 20 Hektar fruchtbarem Flusslehm bauen wir mit Sorgfalt \u00c4pfel, Birnen und Kirschen an. Dar\u00fcber hinaus bieten wir professionelle Lohnarbeiten f\u00fcr Obstbauern an, wie Pflanzenschutz und D\u00fcngung \u2013 [&hellip;]<\/p>\n","protected":false},"author":1,"featured_media":0,"parent":0,"menu_order":0,"comment_status":"closed","ping_status":"closed","template":"","meta":{"_acf_changed":false,"footnotes":""},"class_list":["post-1044","page","type-page","status-publish","hentry"],"acf":[],"yoast_head":"<!-- This site is optimized with the Yoast SEO plugin v25.3 - https:\/\/yoast.com\/wordpress\/plugins\/seo\/ -->\n<title>\u00dcber uns | Rensen Fruit- en Loonbedrijf<\/title>\n<meta name=\"robots\" content=\"index, follow, max-snippet:-1, max-image-preview:large, max-video-preview:-1\" \/>\n<link rel=\"canonical\" href=\"https:\/\/www.fruitloonbedrijf-rensen.nl\/de\/ueber-uns\/\" \/>\n<meta property=\"og:locale\" content=\"de_DE\" \/>\n<meta property=\"og:type\" content=\"article\" \/>\n<meta property=\"og:title\" content=\"\u00dcber uns | Rensen Fruit- en Loonbedrijf\" \/>\n<meta property=\"og:description\" content=\"[vc_row content_placement=&#8220;middle&#8220;][vc_column width=&#8220;1\/2&#8243;][vc_column_text css=&#8220;&#8220;] Vom Schneiden bis zum Bl\u00fchen Rensen Obst- und Lohnunternehmen ist ein Familienbetrieb im Herzen der Betuwe, spezialisiert auf Obstanbau und landwirtschaftliche Lohnarbeiten. Auf rund 20 Hektar fruchtbarem Flusslehm bauen wir mit Sorgfalt \u00c4pfel, Birnen und Kirschen an. Dar\u00fcber hinaus bieten wir professionelle Lohnarbeiten f\u00fcr Obstbauern an, wie Pflanzenschutz und D\u00fcngung \u2013 [&hellip;]\" \/>\n<meta property=\"og:url\" content=\"https:\/\/www.fruitloonbedrijf-rensen.nl\/de\/ueber-uns\/\" \/>\n<meta property=\"og:site_name\" content=\"Rensen Fruit- en Loonbedrijf\" \/>\n<meta property=\"article:modified_time\" content=\"2025-06-13T12:50:25+00:00\" \/>\n<meta name=\"twitter:card\" content=\"summary_large_image\" \/>\n<meta name=\"twitter:label1\" content=\"Gesch\u00e4tzte Lesezeit\" \/>\n\t<meta name=\"twitter:data1\" content=\"1\u00a0Minute\" \/>\n<script type=\"application\/ld+json\" class=\"yoast-schema-graph\">{\"@context\":\"https:\/\/schema.org\",\"@graph\":[{\"@type\":\"WebPage\",\"@id\":\"https:\/\/www.fruitloonbedrijf-rensen.nl\/de\/ueber-uns\/\",\"url\":\"https:\/\/www.fruitloonbedrijf-rensen.nl\/de\/ueber-uns\/\",\"name\":\"\u00dcber uns | Rensen Fruit- en Loonbedrijf\",\"isPartOf\":{\"@id\":\"https:\/\/www.fruitloonbedrijf-rensen.nl\/de\/#website\"},\"datePublished\":\"2022-03-17T11:36:16+00:00\",\"dateModified\":\"2025-06-13T12:50:25+00:00\",\"breadcrumb\":{\"@id\":\"https:\/\/www.fruitloonbedrijf-rensen.nl\/de\/ueber-uns\/#breadcrumb\"},\"inLanguage\":\"de\",\"potentialAction\":[{\"@type\":\"ReadAction\",\"target\":[\"https:\/\/www.fruitloonbedrijf-rensen.nl\/de\/ueber-uns\/\"]}]},{\"@type\":\"BreadcrumbList\",\"@id\":\"https:\/\/www.fruitloonbedrijf-rensen.nl\/de\/ueber-uns\/#breadcrumb\",\"itemListElement\":[{\"@type\":\"ListItem\",\"position\":1,\"name\":\"Home\",\"item\":\"https:\/\/www.fruitloonbedrijf-rensen.nl\/de\/\"},{\"@type\":\"ListItem\",\"position\":2,\"name\":\"\u00dcber uns\"}]},{\"@type\":\"WebSite\",\"@id\":\"https:\/\/www.fruitloonbedrijf-rensen.nl\/de\/#website\",\"url\":\"https:\/\/www.fruitloonbedrijf-rensen.nl\/de\/\",\"name\":\"Rensen Fruit- en Loonbedrijf\",\"description\":\"Rensen Fruit- en Loonbedrijf\",\"potentialAction\":[{\"@type\":\"SearchAction\",\"target\":{\"@type\":\"EntryPoint\",\"urlTemplate\":\"https:\/\/www.fruitloonbedrijf-rensen.nl\/de\/?s={search_term_string}\"},\"query-input\":{\"@type\":\"PropertyValueSpecification\",\"valueRequired\":true,\"valueName\":\"search_term_string\"}}],\"inLanguage\":\"de\"}]}<\/script>\n<!-- \/ Yoast SEO plugin. -->","yoast_head_json":{"title":"\u00dcber uns | Rensen Fruit- en Loonbedrijf","robots":{"index":"index","follow":"follow","max-snippet":"max-snippet:-1","max-image-preview":"max-image-preview:large","max-video-preview":"max-video-preview:-1"},"canonical":"https:\/\/www.fruitloonbedrijf-rensen.nl\/de\/ueber-uns\/","og_locale":"de_DE","og_type":"article","og_title":"\u00dcber uns | Rensen Fruit- en Loonbedrijf","og_description":"[vc_row content_placement=&#8220;middle&#8220;][vc_column width=&#8220;1\/2&#8243;][vc_column_text css=&#8220;&#8220;] Vom Schneiden bis zum Bl\u00fchen Rensen Obst- und Lohnunternehmen ist ein Familienbetrieb im Herzen der Betuwe, spezialisiert auf Obstanbau und landwirtschaftliche Lohnarbeiten. Auf rund 20 Hektar fruchtbarem Flusslehm bauen wir mit Sorgfalt \u00c4pfel, Birnen und Kirschen an. Dar\u00fcber hinaus bieten wir professionelle Lohnarbeiten f\u00fcr Obstbauern an, wie Pflanzenschutz und D\u00fcngung \u2013 [&hellip;]","og_url":"https:\/\/www.fruitloonbedrijf-rensen.nl\/de\/ueber-uns\/","og_site_name":"Rensen Fruit- en Loonbedrijf","article_modified_time":"2025-06-13T12:50:25+00:00","twitter_card":"summary_large_image","twitter_misc":{"Gesch\u00e4tzte Lesezeit":"1\u00a0Minute"},"schema":{"@context":"https:\/\/schema.org","@graph":[{"@type":"WebPage","@id":"https:\/\/www.fruitloonbedrijf-rensen.nl\/de\/ueber-uns\/","url":"https:\/\/www.fruitloonbedrijf-rensen.nl\/de\/ueber-uns\/","name":"\u00dcber uns | Rensen Fruit- en Loonbedrijf","isPartOf":{"@id":"https:\/\/www.fruitloonbedrijf-rensen.nl\/de\/#website"},"datePublished":"2022-03-17T11:36:16+00:00","dateModified":"2025-06-13T12:50:25+00:00","breadcrumb":{"@id":"https:\/\/www.fruitloonbedrijf-rensen.nl\/de\/ueber-uns\/#breadcrumb"},"inLanguage":"de","potentialAction":[{"@type":"ReadAction","target":["https:\/\/www.fruitloonbedrijf-rensen.nl\/de\/ueber-uns\/"]}]},{"@type":"BreadcrumbList","@id":"https:\/\/www.fruitloonbedrijf-rensen.nl\/de\/ueber-uns\/#breadcrumb","itemListElement":[{"@type":"ListItem","position":1,"name":"Home","item":"https:\/\/www.fruitloonbedrijf-rensen.nl\/de\/"},{"@type":"ListItem","position":2,"name":"\u00dcber uns"}]},{"@type":"WebSite","@id":"https:\/\/www.fruitloonbedrijf-rensen.nl\/de\/#website","url":"https:\/\/www.fruitloonbedrijf-rensen.nl\/de\/","name":"Rensen Fruit- en Loonbedrijf","description":"Rensen Fruit- en Loonbedrijf","potentialAction":[{"@type":"SearchAction","target":{"@type":"EntryPoint","urlTemplate":"https:\/\/www.fruitloonbedrijf-rensen.nl\/de\/?s={search_term_string}"},"query-input":{"@type":"PropertyValueSpecification","valueRequired":true,"valueName":"search_term_string"}}],"inLanguage":"de"}]}},"_links":{"self":[{"href":"https:\/\/www.fruitloonbedrijf-rensen.nl\/de\/wp-json\/wp\/v2\/pages\/1044","targetHints":{"allow":["GET"]}}],"collection":[{"href":"https:\/\/www.fruitloonbedrijf-rensen.nl\/de\/wp-json\/wp\/v2\/pages"}],"about":[{"href":"https:\/\/www.fruitloonbedrijf-rensen.nl\/de\/wp-json\/wp\/v2\/types\/page"}],"author":[{"embeddable":true,"href":"https:\/\/www.fruitloonbedrijf-rensen.nl\/de\/wp-json\/wp\/v2\/users\/1"}],"replies":[{"embeddable":true,"href":"https:\/\/www.fruitloonbedrijf-rensen.nl\/de\/wp-json\/wp\/v2\/comments?post=1044"}],"version-history":[{"count":4,"href":"https:\/\/www.fruitloonbedrijf-rensen.nl\/de\/wp-json\/wp\/v2\/pages\/1044\/revisions"}],"predecessor-version":[{"id":1536,"href":"https:\/\/www.fruitloonbedrijf-rensen.nl\/de\/wp-json\/wp\/v2\/pages\/1044\/revisions\/1536"}],"wp:attachment":[{"href":"https:\/\/www.fruitloonbedrijf-rensen.nl\/de\/wp-json\/wp\/v2\/media?parent=1044"}],"curies":[{"name":"wp","href":"https:\/\/api.w.org\/{rel}","templated":true}]}}