{"id":1035,"date":"2022-03-17T09:57:03","date_gmt":"2022-03-17T09:57:03","guid":{"rendered":"https:\/\/www.fruitloonbedrijf-rensen.nl\/startseite\/"},"modified":"2025-06-24T07:42:44","modified_gmt":"2025-06-24T07:42:44","slug":"startseite","status":"publish","type":"page","link":"https:\/\/www.fruitloonbedrijf-rensen.nl\/de\/","title":{"rendered":"Startseite"},"content":{"rendered":"<div class=\"wpb-content-wrapper\"><p>[vc_row full_width=&#8220;stretch_row_content_no_spaces&#8220; css=&#8220;.vc_custom_1654674160182{margin-bottom: 35px !important;}&#8220;][vc_column]<div class='vso_slider layout_1'><div id='carouselExampleDark' class='carousel carousel-dark slide' data-bs-ride='carousel'><div class='carousel-inner'><div class='carousel-item active' data-bs-interval='5000'><img src='https:\/\/www.fruitloonbedrijf-rensen.nl\/wp-content\/uploads\/2022\/06\/slider-1-scaled.jpg' class='d-none d-md-block w-100' alt='Rensen Obst- und Lohnbetrieb'><img src='https:\/\/www.fruitloonbedrijf-rensen.nl\/wp-content\/uploads\/2022\/06\/slider-1-scaled.jpg' class='d-block d-md-none w-100' alt='Rensen Obst- und Lohnbetrieb'><div class='container'><div class='slider-content'><h2 class='title d-none d-sm-block'>Rensen Obst- und Lohnbetrieb<\/h2><h3 class='subtitle d-none d-sm-block'>Wir sind ein Familienbetrieb im Herzen der Betuwe, spezialisiert auf Obstbau und landwirtschaftliche Lohnarbeit.<\/h3><p class='d-none d-sm-inline-block'><a class='button--primary' href='\/de\/kontakt'>Kontakt aufnehmen<\/a><\/p><p class='second-button d-none d-sm-inline-block'><a class='button--primary' href='\/de\/stellenangebote'>Stellenangebote<\/a><\/p><\/div><\/div><\/div><\/div><\/div><\/div>[\/vc_column][\/vc_row][vc_row][vc_column width=&#8220;1\/3&#8243;]<div class='wpb_content_element vso_intro_block'><div class='vc_single_image-img image_intro_block'><img class='vc_single_image-img image_intro_block_img' src='https:\/\/www.fruitloonbedrijf-rensen.nl\/wp-content\/uploads\/2025\/03\/fruitbedrijf-1024x683.jpg' alt=''><\/div><div class='content_intro_block'><h3 class='title mb-4'>Obstbetrieb<\/h3><p class='text_below_title vso_match'>Im Herzen der Betuwe, zwischen Waal und Rhein, liegt der Rensen Obst- und Lohnbetrieb. Hier, auf etwa 20 Hektar fruchtbarem Flusslehm, bauen wir mit Sorgfalt und Fachkenntnis unsere \u00c4pfel, Birnen und Kirschen an.<\/p><div class='button_intro_block centered'><span class='button button--primary'>Mehr Infos<\/span><\/div><\/div><a href='\/de\/obstbetrieb'  class='full-link'><\/a><\/div>[\/vc_column][vc_column width=&#8220;1\/3&#8243;]<div class='wpb_content_element vso_intro_block'><div class='vc_single_image-img image_intro_block'><img class='vc_single_image-img image_intro_block_img' src='https:\/\/www.fruitloonbedrijf-rensen.nl\/wp-content\/uploads\/2025\/03\/loonwerk-1024x683.jpg' alt=''><\/div><div class='content_intro_block'><h3 class='title mb-4'>Lohnarbeit<\/h3><p class='text_below_title vso_match'>Bei Rensen Obst- und Lohnbetrieb bieten wir spezialisierte Lohnarbeitsdienste f\u00fcr den Obstsektor an. Mit unseren modernen Maschinen und erfahrenem Personal unterst\u00fctzen wir Obstbauern bei verschiedenen Arbeiten, von Pflanzenschutz bis D\u00fcngung.<\/p><div class='button_intro_block centered'><span class='button button--primary'>Mehr Infos<\/span><\/div><\/div><a href='\/de\/lohnarbeit'  class='full-link'><\/a><\/div>[\/vc_column][vc_column width=&#8220;1\/3&#8243;]<div class='wpb_content_element vso_intro_block'><div class='vc_single_image-img image_intro_block'><img class='vc_single_image-img image_intro_block_img' src='https:\/\/www.fruitloonbedrijf-rensen.nl\/wp-content\/uploads\/2025\/06\/vacatures-rensen-1024x858.jpg' alt=''><\/div><div class='content_intro_block'><h3 class='title mb-4'>Stellenangebote<\/h3><p class='text_below_title vso_match'>Wir bieten verschiedene saisonale Stellen im Obstbau an, wie das Pfl\u00fccken von Kirschen und Birnen, Ausd\u00fcnnen und Schneiden. Diese Stellen sind ideal f\u00fcr Personen, die tempor\u00e4re Arbeit im Obstsektor suchen. Auch Menschen aus dem Ausland sind herzlich willkommen.<\/p><div class='button_intro_block centered'><span class='button button--primary'>Mehr Infos<\/span><\/div><\/div><a href='\/de\/stellenangebote\/'  class='full-link'><\/a><\/div>[\/vc_column][\/vc_row][vc_row content_placement=&#8220;middle&#8220;][vc_column width=&#8220;1\/2&#8243;][vc_column_text css=&#8220;&#8220;]<\/p>\n<h2 class=\"title d-none d-sm-block\">Rensen Obst- und Lohnbetrieb<\/h2>\n<p>Rensen Obst- und Lohnunternehmen ist ein Familienbetrieb im Herzen der Betuwe, spezialisiert auf Obstanbau und landwirtschaftliche Lohnarbeiten. Auf rund 20 Hektar fruchtbarem Flusslehm bauen wir mit Sorgfalt \u00c4pfel, Birnen und Kirschen an. Dar\u00fcber hinaus bieten wir professionelle Lohnarbeiten f\u00fcr Obstbauern an, wie Pflanzenschutz und D\u00fcngung \u2013 durchgef\u00fchrt mit modernen Maschinen und fachkundigem Personal. Qualit\u00e4t, Nachhaltigkeit und Handwerkskunst stehen bei uns im Mittelpunkt. Mit langj\u00e4hriger Erfahrung und Leidenschaft f\u00fcr das Fach unterst\u00fctzen wir unsere Berufskollegen in jeder Phase des Anbauprozesses. Rensen ist ein zuverl\u00e4ssiger Partner sowohl in der Obstproduktion als auch in der landwirtschaftlichen Dienstleistung. Entdecken Sie unsere Leidenschaft f\u00fcr Obst und professionellen Lohnbetrieb.[\/vc_column_text]<div class='wpb_content_element' align=''><a class='button button--primary'  href='\/de\/ueber-uns'>Mehr lesen<\/a><\/div>[\/vc_column][vc_column width=&#8220;1\/2&#8243;][vc_single_image image=&#8220;753&#8243; img_size=&#8220;large&#8220; alignment=&#8220;center&#8220; style=&#8220;vc_box_rounded&#8220; css_animation=&#8220;zoomIn&#8220; css=&#8220;.vc_custom_1741774020041{margin-right: 0px !important;margin-left: 0px !important;background-position: center !important;background-repeat: no-repeat !important;background-size: cover !important;}&#8220;][\/vc_column][\/vc_row]<\/p>\n<\/div>","protected":false},"excerpt":{"rendered":"<p>[vc_row full_width=&#8220;stretch_row_content_no_spaces&#8220; css=&#8220;.vc_custom_1654674160182{margin-bottom: 35px !important;}&#8220;][vc_column][\/vc_column][\/vc_row][vc_row][vc_column width=&#8220;1\/3&#8243;][\/vc_column][vc_column width=&#8220;1\/3&#8243;][\/vc_column][vc_column width=&#8220;1\/3&#8243;][\/vc_column][\/vc_row][vc_row content_placement=&#8220;middle&#8220;][vc_column width=&#8220;1\/2&#8243;][vc_column_text css=&#8220;&#8220;] Rensen Obst- und Lohnbetrieb Rensen Obst- und Lohnunternehmen ist ein Familienbetrieb im Herzen der Betuwe, spezialisiert auf Obstanbau und landwirtschaftliche Lohnarbeiten. Auf rund 20 Hektar fruchtbarem Flusslehm bauen wir mit Sorgfalt \u00c4pfel, Birnen und Kirschen an. Dar\u00fcber hinaus bieten wir professionelle Lohnarbeiten f\u00fcr Obstbauern [&hellip;]<\/p>\n","protected":false},"author":1,"featured_media":0,"parent":0,"menu_order":0,"comment_status":"closed","ping_status":"closed","template":"","meta":{"_acf_changed":false,"footnotes":""},"class_list":["post-1035","page","type-page","status-publish","hentry"],"acf":[],"yoast_head":"<!-- This site is optimized with the Yoast SEO plugin v25.3 - https:\/\/yoast.com\/wordpress\/plugins\/seo\/ -->\n<title>Rensen Obst &amp; Lohnunternehmen | Obstanbau &amp; Service Betuwe<\/title>\n<meta name=\"description\" content=\"Familienbetrieb in der Betuwe f\u00fcr \u00c4pfel, Birnen, Kirschen &amp; Lohnarbeit. Nachhaltig, fachkundig &amp; mit Leidenschaft.\" \/>\n<meta name=\"robots\" content=\"index, follow, max-snippet:-1, max-image-preview:large, max-video-preview:-1\" \/>\n<link rel=\"canonical\" href=\"https:\/\/www.fruitloonbedrijf-rensen.nl\/de\/\" \/>\n<meta property=\"og:locale\" content=\"de_DE\" \/>\n<meta property=\"og:type\" content=\"article\" \/>\n<meta property=\"og:title\" content=\"Rensen Obst &amp; Lohnunternehmen | Obstanbau &amp; Service Betuwe\" \/>\n<meta property=\"og:description\" content=\"Familienbetrieb in der Betuwe f\u00fcr \u00c4pfel, Birnen, Kirschen &amp; Lohnarbeit. Nachhaltig, fachkundig &amp; mit Leidenschaft.\" \/>\n<meta property=\"og:url\" content=\"https:\/\/www.fruitloonbedrijf-rensen.nl\/de\/\" \/>\n<meta property=\"og:site_name\" content=\"Rensen Fruit- en Loonbedrijf\" \/>\n<meta property=\"article:modified_time\" content=\"2025-06-24T07:42:44+00:00\" \/>\n<meta property=\"og:image\" content=\"https:\/\/www.fruitloonbedrijf-rensen.nl\/wp-content\/uploads\/2025\/03\/site-logo.png\" \/>\n\t<meta property=\"og:image:width\" content=\"600\" \/>\n\t<meta property=\"og:image:height\" content=\"600\" \/>\n\t<meta property=\"og:image:type\" content=\"image\/png\" \/>\n<meta name=\"twitter:card\" content=\"summary_large_image\" \/>\n<meta name=\"twitter:title\" content=\"Rensen Obst &amp; Lohnunternehmen | Obstanbau &amp; Service Betuwe\" \/>\n<meta name=\"twitter:description\" content=\"Familienbetrieb in der Betuwe f\u00fcr \u00c4pfel, Birnen, Kirschen &amp; Lohnarbeit. Nachhaltig, fachkundig &amp; mit Leidenschaft.\" \/>\n<meta name=\"twitter:image\" content=\"https:\/\/www.fruitloonbedrijf-rensen.nl\/wp-content\/uploads\/2025\/03\/site-logo.png\" \/>\n<meta name=\"twitter:label1\" content=\"Gesch\u00e4tzte Lesezeit\" \/>\n\t<meta name=\"twitter:data1\" content=\"3\u00a0Minuten\" \/>\n<script type=\"application\/ld+json\" class=\"yoast-schema-graph\">{\"@context\":\"https:\/\/schema.org\",\"@graph\":[{\"@type\":\"WebPage\",\"@id\":\"https:\/\/www.fruitloonbedrijf-rensen.nl\/de\/\",\"url\":\"https:\/\/www.fruitloonbedrijf-rensen.nl\/de\/\",\"name\":\"Rensen Obst & Lohnunternehmen | Obstanbau & Service Betuwe\",\"isPartOf\":{\"@id\":\"https:\/\/www.fruitloonbedrijf-rensen.nl\/de\/#website\"},\"datePublished\":\"2022-03-17T09:57:03+00:00\",\"dateModified\":\"2025-06-24T07:42:44+00:00\",\"description\":\"Familienbetrieb in der Betuwe f\u00fcr \u00c4pfel, Birnen, Kirschen & Lohnarbeit. Nachhaltig, fachkundig & mit Leidenschaft.\",\"breadcrumb\":{\"@id\":\"https:\/\/www.fruitloonbedrijf-rensen.nl\/de\/#breadcrumb\"},\"inLanguage\":\"de\",\"potentialAction\":[{\"@type\":\"ReadAction\",\"target\":[\"https:\/\/www.fruitloonbedrijf-rensen.nl\/de\/\"]}]},{\"@type\":\"BreadcrumbList\",\"@id\":\"https:\/\/www.fruitloonbedrijf-rensen.nl\/de\/#breadcrumb\",\"itemListElement\":[{\"@type\":\"ListItem\",\"position\":1,\"name\":\"Home\",\"item\":\"https:\/\/www.fruitloonbedrijf-rensen.nl\/de\/\"},{\"@type\":\"ListItem\",\"position\":2,\"name\":\"Startseite\"}]},{\"@type\":\"WebSite\",\"@id\":\"https:\/\/www.fruitloonbedrijf-rensen.nl\/de\/#website\",\"url\":\"https:\/\/www.fruitloonbedrijf-rensen.nl\/de\/\",\"name\":\"Rensen Fruit- en Loonbedrijf\",\"description\":\"Rensen Fruit- en Loonbedrijf\",\"potentialAction\":[{\"@type\":\"SearchAction\",\"target\":{\"@type\":\"EntryPoint\",\"urlTemplate\":\"https:\/\/www.fruitloonbedrijf-rensen.nl\/de\/?s={search_term_string}\"},\"query-input\":{\"@type\":\"PropertyValueSpecification\",\"valueRequired\":true,\"valueName\":\"search_term_string\"}}],\"inLanguage\":\"de\"}]}<\/script>\n<!-- \/ Yoast SEO plugin. -->","yoast_head_json":{"title":"Rensen Obst & Lohnunternehmen | Obstanbau & Service Betuwe","description":"Familienbetrieb in der Betuwe f\u00fcr \u00c4pfel, Birnen, Kirschen & Lohnarbeit. Nachhaltig, fachkundig & mit Leidenschaft.","robots":{"index":"index","follow":"follow","max-snippet":"max-snippet:-1","max-image-preview":"max-image-preview:large","max-video-preview":"max-video-preview:-1"},"canonical":"https:\/\/www.fruitloonbedrijf-rensen.nl\/de\/","og_locale":"de_DE","og_type":"article","og_title":"Rensen Obst & Lohnunternehmen | Obstanbau & Service Betuwe","og_description":"Familienbetrieb in der Betuwe f\u00fcr \u00c4pfel, Birnen, Kirschen & Lohnarbeit. Nachhaltig, fachkundig & mit Leidenschaft.","og_url":"https:\/\/www.fruitloonbedrijf-rensen.nl\/de\/","og_site_name":"Rensen Fruit- en Loonbedrijf","article_modified_time":"2025-06-24T07:42:44+00:00","og_image":[{"width":600,"height":600,"url":"https:\/\/www.fruitloonbedrijf-rensen.nl\/wp-content\/uploads\/2025\/03\/site-logo.png","type":"image\/png"}],"twitter_card":"summary_large_image","twitter_title":"Rensen Obst & Lohnunternehmen | Obstanbau & Service Betuwe","twitter_description":"Familienbetrieb in der Betuwe f\u00fcr \u00c4pfel, Birnen, Kirschen & Lohnarbeit. Nachhaltig, fachkundig & mit Leidenschaft.","twitter_image":"https:\/\/www.fruitloonbedrijf-rensen.nl\/wp-content\/uploads\/2025\/03\/site-logo.png","twitter_misc":{"Gesch\u00e4tzte Lesezeit":"3\u00a0Minuten"},"schema":{"@context":"https:\/\/schema.org","@graph":[{"@type":"WebPage","@id":"https:\/\/www.fruitloonbedrijf-rensen.nl\/de\/","url":"https:\/\/www.fruitloonbedrijf-rensen.nl\/de\/","name":"Rensen Obst & Lohnunternehmen | Obstanbau & Service Betuwe","isPartOf":{"@id":"https:\/\/www.fruitloonbedrijf-rensen.nl\/de\/#website"},"datePublished":"2022-03-17T09:57:03+00:00","dateModified":"2025-06-24T07:42:44+00:00","description":"Familienbetrieb in der Betuwe f\u00fcr \u00c4pfel, Birnen, Kirschen & Lohnarbeit. Nachhaltig, fachkundig & mit Leidenschaft.","breadcrumb":{"@id":"https:\/\/www.fruitloonbedrijf-rensen.nl\/de\/#breadcrumb"},"inLanguage":"de","potentialAction":[{"@type":"ReadAction","target":["https:\/\/www.fruitloonbedrijf-rensen.nl\/de\/"]}]},{"@type":"BreadcrumbList","@id":"https:\/\/www.fruitloonbedrijf-rensen.nl\/de\/#breadcrumb","itemListElement":[{"@type":"ListItem","position":1,"name":"Home","item":"https:\/\/www.fruitloonbedrijf-rensen.nl\/de\/"},{"@type":"ListItem","position":2,"name":"Startseite"}]},{"@type":"WebSite","@id":"https:\/\/www.fruitloonbedrijf-rensen.nl\/de\/#website","url":"https:\/\/www.fruitloonbedrijf-rensen.nl\/de\/","name":"Rensen Fruit- en Loonbedrijf","description":"Rensen Fruit- en Loonbedrijf","potentialAction":[{"@type":"SearchAction","target":{"@type":"EntryPoint","urlTemplate":"https:\/\/www.fruitloonbedrijf-rensen.nl\/de\/?s={search_term_string}"},"query-input":{"@type":"PropertyValueSpecification","valueRequired":true,"valueName":"search_term_string"}}],"inLanguage":"de"}]}},"_links":{"self":[{"href":"https:\/\/www.fruitloonbedrijf-rensen.nl\/de\/wp-json\/wp\/v2\/pages\/1035","targetHints":{"allow":["GET"]}}],"collection":[{"href":"https:\/\/www.fruitloonbedrijf-rensen.nl\/de\/wp-json\/wp\/v2\/pages"}],"about":[{"href":"https:\/\/www.fruitloonbedrijf-rensen.nl\/de\/wp-json\/wp\/v2\/types\/page"}],"author":[{"embeddable":true,"href":"https:\/\/www.fruitloonbedrijf-rensen.nl\/de\/wp-json\/wp\/v2\/users\/1"}],"replies":[{"embeddable":true,"href":"https:\/\/www.fruitloonbedrijf-rensen.nl\/de\/wp-json\/wp\/v2\/comments?post=1035"}],"version-history":[{"count":13,"href":"https:\/\/www.fruitloonbedrijf-rensen.nl\/de\/wp-json\/wp\/v2\/pages\/1035\/revisions"}],"predecessor-version":[{"id":1577,"href":"https:\/\/www.fruitloonbedrijf-rensen.nl\/de\/wp-json\/wp\/v2\/pages\/1035\/revisions\/1577"}],"wp:attachment":[{"href":"https:\/\/www.fruitloonbedrijf-rensen.nl\/de\/wp-json\/wp\/v2\/media?parent=1035"}],"curies":[{"name":"wp","href":"https:\/\/api.w.org\/{rel}","templated":true}]}}